{"id":6240,"date":"2021-05-01T11:54:50","date_gmt":"2021-05-01T10:54:50","guid":{"rendered":"https:\/\/christophethibierge.com\/blogthib\/?page_id=6240"},"modified":"2021-05-01T11:55:38","modified_gmt":"2021-05-01T10:55:38","slug":"nouvelles","status":"publish","type":"page","link":"https:\/\/christophethibierge.com\/blogthib\/roman-et-nouvelles\/nouvelles\/","title":{"rendered":"Nouvelles"},"content":{"rendered":"\n<p>Pour faciliter la lecture de mes nouvelles, j&rsquo;ai mis sur une page \u00e0 part (en l&rsquo;occurence, celle-ci) la liste de toutes mes productions. C&rsquo;est l&rsquo;ordre chronologique qui prime : la nouvelle \u00ab\u00a0Clash boursier\u00a0\u00bb, ci-dessous, est donc la premi\u00e8re \u00e0 avoir \u00e9t\u00e9 publi\u00e9e sur ce blog &#8211; cela permet notamment de suivre le fil quand la nouvelle a \u00e9t\u00e9 publi\u00e9e en plusieurs fois. Et en bas de page, le lien vers les \u00ab\u00a0articles plus anciens\u00a0\u00bb (si jamais il appara\u00eet) est en fait un lien vers les nouvelles plus r\u00e9centes\u2026<\/p>\n\n\n<ul class=\"wp-block-latest-posts__list has-dates wp-block-latest-posts\"><li><a class=\"wp-block-latest-posts__post-title\" href=\"https:\/\/christophethibierge.com\/blogthib\/2006\/06\/21\/novela-clash-boursier\/\">Novela &#8211; Clash boursier<\/a><time datetime=\"2006-06-21T15:28:27+01:00\" class=\"wp-block-latest-posts__post-date\">21 juin 2006<\/time><\/li>\n<li><a class=\"wp-block-latest-posts__post-title\" href=\"https:\/\/christophethibierge.com\/blogthib\/2006\/10\/05\/novela-la-strategie-du-champignon\/\">Novela &#8211; La strat\u00e9gie du champignon<\/a><time datetime=\"2006-10-05T21:53:39+01:00\" class=\"wp-block-latest-posts__post-date\">5 octobre 2006<\/time><\/li>\n<li><a class=\"wp-block-latest-posts__post-title\" href=\"https:\/\/christophethibierge.com\/blogthib\/2006\/12\/06\/novela-faria-1-2\/\">Novela &#8211; Faria        [1 \/ 2]<\/a><time datetime=\"2006-12-06T17:37:33+01:00\" class=\"wp-block-latest-posts__post-date\">6 d\u00e9cembre 2006<\/time><\/li>\n<li><a class=\"wp-block-latest-posts__post-title\" href=\"https:\/\/christophethibierge.com\/blogthib\/2006\/12\/07\/novela-faria-2-2\/\">Novela &#8211; Faria        [2 \/ 2]<\/a><time datetime=\"2006-12-07T21:47:16+01:00\" class=\"wp-block-latest-posts__post-date\">7 d\u00e9cembre 2006<\/time><\/li>\n<li><a class=\"wp-block-latest-posts__post-title\" href=\"https:\/\/christophethibierge.com\/blogthib\/2007\/09\/06\/novela-transluxion\/\">Novela &#8211; Transluxion<\/a><time datetime=\"2007-09-06T01:20:37+01:00\" class=\"wp-block-latest-posts__post-date\">6 septembre 2007<\/time><\/li>\n<li><a class=\"wp-block-latest-posts__post-title\" href=\"https:\/\/christophethibierge.com\/blogthib\/2008\/02\/17\/mini-novela-icthyologie-printaniere\/\">Mini-novela &#8211; Icthyologie printani\u00e8re<\/a><time datetime=\"2008-02-17T21:43:19+01:00\" class=\"wp-block-latest-posts__post-date\">17 f\u00e9vrier 2008<\/time><\/li>\n<li><a class=\"wp-block-latest-posts__post-title\" href=\"https:\/\/christophethibierge.com\/blogthib\/2008\/03\/10\/novela-qua-sono-1\/\">Novela &#8211; Qua sono (1 \/ &#8230;)<\/a><time datetime=\"2008-03-10T18:01:03+01:00\" class=\"wp-block-latest-posts__post-date\">10 mars 2008<\/time><\/li>\n<li><a class=\"wp-block-latest-posts__post-title\" href=\"https:\/\/christophethibierge.com\/blogthib\/2008\/03\/11\/novela-qua-sono-2\/\">Novela &#8211; Qua sono (2\/&#8230;)<\/a><time datetime=\"2008-03-11T23:40:24+01:00\" class=\"wp-block-latest-posts__post-date\">11 mars 2008<\/time><\/li>\n<li><a class=\"wp-block-latest-posts__post-title\" href=\"https:\/\/christophethibierge.com\/blogthib\/2008\/03\/14\/novela-qua-sono-3\/\">Novela &#8211; Qua sono (3\/&#8230;)<\/a><time datetime=\"2008-03-14T20:04:03+01:00\" class=\"wp-block-latest-posts__post-date\">14 mars 2008<\/time><\/li>\n<li><a class=\"wp-block-latest-posts__post-title\" href=\"https:\/\/christophethibierge.com\/blogthib\/2008\/03\/20\/novela-qua-sono-4\/\">Novela &#8211; Qua sono (4\/&#8230;)<\/a><time datetime=\"2008-03-20T10:15:04+01:00\" class=\"wp-block-latest-posts__post-date\">20 mars 2008<\/time><\/li>\n<li><a class=\"wp-block-latest-posts__post-title\" href=\"https:\/\/christophethibierge.com\/blogthib\/2008\/05\/29\/novela-qua-sono-55\/\">Novela &#8211; Qua Sono (5\/5)<\/a><time datetime=\"2008-05-29T18:52:43+01:00\" class=\"wp-block-latest-posts__post-date\">29 mai 2008<\/time><\/li>\n<li><a class=\"wp-block-latest-posts__post-title\" href=\"https:\/\/christophethibierge.com\/blogthib\/2008\/11\/05\/novela-shadows\/\">Novela &#8211; Shadows<\/a><time datetime=\"2008-11-05T16:45:47+01:00\" class=\"wp-block-latest-posts__post-date\">5 novembre 2008<\/time><\/li>\n<li><a class=\"wp-block-latest-posts__post-title\" href=\"https:\/\/christophethibierge.com\/blogthib\/2010\/07\/01\/novela-la-stele-de-latlantide-14\/\">Novela &#8211; la St\u00e8le de l&rsquo;Atlantide (1\/4)<\/a><time datetime=\"2010-07-01T22:44:53+01:00\" class=\"wp-block-latest-posts__post-date\">1 juillet 2010<\/time><\/li>\n<li><a class=\"wp-block-latest-posts__post-title\" href=\"https:\/\/christophethibierge.com\/blogthib\/2010\/07\/02\/novela-la-stele-de-latlantide-24\/\">Novela &#8211; la St\u00e8le de l&rsquo;Atlantide (2\/4)<\/a><time datetime=\"2010-07-02T18:21:38+01:00\" class=\"wp-block-latest-posts__post-date\">2 juillet 2010<\/time><\/li>\n<li><a class=\"wp-block-latest-posts__post-title\" href=\"https:\/\/christophethibierge.com\/blogthib\/2010\/07\/06\/novela-la-stele-de-latlantide-34\/\">Novela &#8211; la St\u00e8le de l&rsquo;Atlantide (3\/4)<\/a><time datetime=\"2010-07-06T16:19:11+01:00\" class=\"wp-block-latest-posts__post-date\">6 juillet 2010<\/time><\/li>\n<li><a class=\"wp-block-latest-posts__post-title\" href=\"https:\/\/christophethibierge.com\/blogthib\/2010\/07\/07\/novela-la-stele-de-latlantide-44\/\">Novela &#8211; la St\u00e8le de l&rsquo;Atlantide (4\/4)<\/a><time datetime=\"2010-07-07T07:21:55+01:00\" class=\"wp-block-latest-posts__post-date\">7 juillet 2010<\/time><\/li>\n<li><a class=\"wp-block-latest-posts__post-title\" href=\"https:\/\/christophethibierge.com\/blogthib\/2010\/11\/03\/mauvaise-nouvelle-bonne-nouvelle\/\">Mauvaise Nouvelle, bonne nouvelle<\/a><time datetime=\"2010-11-03T20:08:01+01:00\" class=\"wp-block-latest-posts__post-date\">3 novembre 2010<\/time><\/li>\n<li><a class=\"wp-block-latest-posts__post-title\" href=\"https:\/\/christophethibierge.com\/blogthib\/2011\/04\/22\/novela-degenerotype-12\/\">Novela &#8211; D\u00e9g\u00e9n\u00e9rotype [1\/2]<\/a><time datetime=\"2011-04-22T10:04:47+01:00\" class=\"wp-block-latest-posts__post-date\">22 avril 2011<\/time><\/li>\n<li><a class=\"wp-block-latest-posts__post-title\" href=\"https:\/\/christophethibierge.com\/blogthib\/2011\/04\/24\/novela-degenerotype-22\/\">Novela &#8211; D\u00e9g\u00e9n\u00e9rotype [2\/2]<\/a><time datetime=\"2011-04-24T19:04:07+01:00\" class=\"wp-block-latest-posts__post-date\">24 avril 2011<\/time><\/li>\n<li><a class=\"wp-block-latest-posts__post-title\" href=\"https:\/\/christophethibierge.com\/blogthib\/2013\/07\/26\/histoire-metaphorique-le-berger\/\">Histoire m\u00e9taphorique \u2013 le Berger<\/a><time datetime=\"2013-07-26T19:10:45+01:00\" class=\"wp-block-latest-posts__post-date\">26 juillet 2013<\/time><\/li>\n<li><a class=\"wp-block-latest-posts__post-title\" href=\"https:\/\/christophethibierge.com\/blogthib\/2018\/07\/21\/novela-projet-kerberos\/\">Novela &#8211; Projet Kerberos<\/a><time datetime=\"2018-07-21T17:42:16+01:00\" class=\"wp-block-latest-posts__post-date\">21 juillet 2018<\/time><\/li>\n<li><a class=\"wp-block-latest-posts__post-title\" href=\"https:\/\/christophethibierge.com\/blogthib\/2021\/05\/03\/publication-de-mon-roman\/\">Publication de mon roman<\/a><time datetime=\"2021-05-03T17:41:11+01:00\" class=\"wp-block-latest-posts__post-date\">3 mai 2021<\/time><\/li>\n<\/ul>","protected":false},"excerpt":{"rendered":"<p>Pour faciliter la lecture de mes nouvelles, j&rsquo;ai mis sur une page \u00e0 part (en l&rsquo;occurence, celle-ci) la liste de toutes mes productions. C&rsquo;est l&rsquo;ordre chronologique qui prime : la nouvelle \u00ab\u00a0Clash boursier\u00a0\u00bb, ci-dessous, est donc la premi\u00e8re \u00e0 avoir &hellip; <a href=\"https:\/\/christophethibierge.com\/blogthib\/roman-et-nouvelles\/nouvelles\/\">Continuer la lecture <span class=\"meta-nav\">&rarr;<\/span><\/a><\/p>\n","protected":false},"author":1,"featured_media":0,"parent":5128,"menu_order":0,"comment_status":"closed","ping_status":"closed","template":"","meta":{"footnotes":""},"class_list":["post-6240","page","type-page","status-publish","hentry"],"_links":{"self":[{"href":"https:\/\/christophethibierge.com\/blogthib\/wp-json\/wp\/v2\/pages\/6240","targetHints":{"allow":["GET"]}}],"collection":[{"href":"https:\/\/christophethibierge.com\/blogthib\/wp-json\/wp\/v2\/pages"}],"about":[{"href":"https:\/\/christophethibierge.com\/blogthib\/wp-json\/wp\/v2\/types\/page"}],"author":[{"embeddable":true,"href":"https:\/\/christophethibierge.com\/blogthib\/wp-json\/wp\/v2\/users\/1"}],"replies":[{"embeddable":true,"href":"https:\/\/christophethibierge.com\/blogthib\/wp-json\/wp\/v2\/comments?post=6240"}],"version-history":[{"count":1,"href":"https:\/\/christophethibierge.com\/blogthib\/wp-json\/wp\/v2\/pages\/6240\/revisions"}],"predecessor-version":[{"id":6242,"href":"https:\/\/christophethibierge.com\/blogthib\/wp-json\/wp\/v2\/pages\/6240\/revisions\/6242"}],"up":[{"embeddable":true,"href":"https:\/\/christophethibierge.com\/blogthib\/wp-json\/wp\/v2\/pages\/5128"}],"wp:attachment":[{"href":"https:\/\/christophethibierge.com\/blogthib\/wp-json\/wp\/v2\/media?parent=6240"}],"curies":[{"name":"wp","href":"https:\/\/api.w.org\/{rel}","templated":true}]}}