{"id":5707,"date":"2018-07-31T08:14:33","date_gmt":"2018-07-31T07:14:33","guid":{"rendered":"https:\/\/christophethibierge.com\/blogthib\/?page_id=5707"},"modified":"2021-04-29T14:58:25","modified_gmt":"2021-04-29T13:58:25","slug":"enneagramme","status":"publish","type":"page","link":"https:\/\/christophethibierge.com\/blogthib\/developpement-personnel\/types-de-personnalite\/enneagramme\/","title":{"rendered":"Enn\u00e9agramme"},"content":{"rendered":"<p>Pour information, l&rsquo;enn\u00e9agramme peut \u00eatre utilis\u00e9 de deux mani\u00e8res compl\u00e9mentaires :<\/p>\n<ul>\n<li>c&rsquo;est un inventaire de <strong>9 types de personnalit\u00e9s<\/strong> avec leurs caract\u00e9ristiques et leur dynamique (souvent appel\u00e9 Enn\u00e9agramme des personnalit\u00e9s)<\/li>\n<li>c&rsquo;est un outil de <strong>d\u00e9veloppement personnel<\/strong>, et m\u00eame spirituel pour ceux qui le souhaitent.<\/li>\n<\/ul>\n<p><a href=\"https:\/\/fr.wikipedia.org\/wiki\/Enn%C3%A9agramme\">L&rsquo;article wikipedia FR sur l&rsquo;enn\u00e9agramme<\/a>. Cet article pr\u00e9sente l&rsquo;enn\u00e9agramme comme assez \u00e9sot\u00e9rique, voire dangereux (secte). <a href=\"https:\/\/en.wikipedia.org\/wiki\/Enneagram_of_Personality\">L&rsquo;article sur wikipedia anglophone<\/a> est beaucoup plus mesur\u00e9, et \u00e0 mon avis, plus proche de la v\u00e9rit\u00e9 de ce que j&rsquo;ai appris et ce que je pratique.<\/p>\n<p><strong>Centres de formation \u00e0 l\u2019Enn\u00e9agramme<\/strong><\/p>\n<p>Il y a plusieurs organismes de formation r\u00e9put\u00e9s en France, qui tiennent beaucoup \u00e0 la personnalit\u00e9 de leurs fondateurs. Ces organismes ont des points communs, qui sont li\u00e9s \u00e0 l&rsquo;Enn\u00e9agramme :<\/p>\n<ul>\n<li>Tradition orale<\/li>\n<li>Approche par les t\u00e9moignages (panels) et par des vid\u00e9os (pour <a href=\"https:\/\/enneagram.fr\/public\/pages\/trainings\/discovery\/9_bases_motivations\">HPEI<\/a>)<\/li>\n<li>Suite de s\u00e9minaires qui constituent les briques de la formation<\/li>\n<li>Exercices tout au long du parcours<\/li>\n<\/ul>\n\n<p>Voici une pr\u00e9sentation sommaire des 3 principaux centres de formation \u00e0 l&rsquo;Enn\u00e9agramme :<\/p>\n<ul>\n<li><a href=\"https:\/\/institut-sciences-perso.fr\/\"><strong>L&rsquo;institut des sciences de la personnalit\u00e9<\/strong><\/a>, o\u00f9 je suis formateur. L&rsquo;ISP est l\u2019antenne fran\u00e7aise du <a href=\"https:\/\/enneagram.fr\/public\/pages\/institute\/founders\">Halin Pr\u00e9mont Enneagram Institute<\/a> fond\u00e9 il y a 20 ans en Belgique par Philippe Halin et Jacques Pr\u00e9mont, tous deux psychologues cliniciens. Philippe et Jacques ont d\u00e9velopp\u00e9 un questionnaire de personnalit\u00e9 sur l\u2019Enn\u00e9agramme, le seul questionnaire valid\u00e9 scientifiquement \u00e0 ce jour. En sus des stages de d\u00e9couverte et d\u2019approfondissement \u00e0 l\u2019Enn\u00e9gramme, HPEI propose un cycle de certification pour devenir praticien habilit\u00e9 \u00e0 faire passer le questionnaire HPEI.\n<ul>\n<li>Cet institut a pour particularit\u00e9 de ne pas traiter que d&rsquo;Enn\u00e9agramme. Nous pensons en effet que plusieurs mod\u00e8les peuvent devenir tr\u00e8s compl\u00e9mentaires. Nous utilisons donc des questionnaires valid\u00e9s scientifiquement pour le MBTI, c&rsquo;est-\u00e0-dire les typologies jungiennes de la personnalit\u00e9 (questionnaire HPJI) et le test de Holland, plus connu sous le nom de RIASEC (questionnaire HPHI), ainsi que des approches par les valeurs culturelles des entreprises.<\/li>\n<li>Le site de <a href=\"https:\/\/institut-sciences-perso.fr\/\"><strong>L&rsquo;institut des sciences de la personnalit\u00e9<\/strong><\/a> avec sa <a href=\"https:\/\/www.linkedin.com\/company\/hpei-paris\/?viewAsMember=true\">Page Linkedin<\/a> et sa <a href=\"https:\/\/www.facebook.com\/Enneagram.fr\/\">Page Facebook<\/a><\/li>\n<\/ul>\n<\/li>\n<li><strong>L\u2019Institut Fran\u00e7ais de L\u2019Enn\u00e9agramme<\/strong>. Fond\u00e9 par Fabien et Patricia Chabreuil, qui ont notamment publi\u00e9 le Grand Livre de l&rsquo;Enn\u00e9agramme (voir rubrique Livres).\n<ul>\n<li>Le site de l&rsquo;IFE : <a href=\"http:\/\/www.enneagramme.com\/index.htm\">http:\/\/www.enneagramme.com\/index.htm<\/a><!-- \/wp:post-content --><\/li>\n<li>On peut notamment y trouver un mini-s\u00e9minaire vid\u00e9o ici : <a href=\"http:\/\/www.enneagramme.com\/Theorie\/9_minisemi.htm\">http:\/\/www.enneagramme.com\/Theorie\/9_minisemi.htm<\/a><\/li>\n<\/ul>\n<\/li>\n<li>Le <strong>Centre Europ\u00e9en de l\u2019Enn\u00e9agramme<\/strong>. Fond\u00e9 par Eric Salmon, qui a aussi publi\u00e9 des livres.\n<ul>\n<li>Le site du CEE : <a href=\"http:\/\/www.cee-enneagramme.eu\/\">http:\/\/www.cee-enneagramme.eu\/<\/a><\/li>\n<\/ul>\n<\/li>\n<\/ul>\n\n<!-- wp:paragraph -->\n<p><strong>Les ouvrages<\/strong><\/p>\n<!-- \/wp:paragraph -->\n\n<!-- wp:paragraph -->\n<p>Le livre de Riso-Hudson (<a href=\"https:\/\/amzn.to\/2Owuus3\">The Wisdom of the Enneagram<\/a>) a \u00e9t\u00e9 enfin <a href=\"https:\/\/amzn.to\/2LV9rgo\">traduit en fran\u00e7ais<\/a>, c&rsquo;est une tr\u00e8s belle r\u00e9f\u00e9rence, compl\u00e8te et accessible, je la recommande vivement. Et aussi, en version anglaise, un <a href=\"https:\/\/amzn.to\/2JTLTIg\">ouvrage tr\u00e8s accessible<\/a> des m\u00eames auteurs.<\/p>\n<!-- \/wp:paragraph -->\n\n<!-- wp:paragraph -->\n<p>Philippe Halin et Jacques Pr\u00e9mont n\u2019ont pas souhait\u00e9 publier des livres, car ils pensent que l\u2019Enn\u00e9agramme doit se vivre lors des stages. Mais ils ont r\u00e9dig\u00e9 3 brochures de 50 pages qui sont remises aux participants lors <a href=\"https:\/\/enneagram.fr\/public\/pages\/trainings\/audience\/everyone\">des stages<\/a>.<\/p>\n<!-- \/wp:paragraph -->\n\n<!-- wp:paragraph -->\n<p><a href=\"https:\/\/amzn.to\/2lg5w2r\">Le Grand Livre de l&rsquo;Enn\u00e9agramme<\/a>, de Fabien et Patricia Chabreuil.<\/p>\n<!-- \/wp:paragraph -->\n\n<!-- wp:paragraph -->\n<p>Un ouvrage tr\u00e8s accessible d&rsquo;Eric Salmon <a href=\"https:\/\/amzn.to\/2ti5lY7\">ici<\/a>.<\/p>\n<!-- \/wp:paragraph -->","protected":false},"excerpt":{"rendered":"<p>Pour information, l&rsquo;enn\u00e9agramme peut \u00eatre utilis\u00e9 de deux mani\u00e8res compl\u00e9mentaires : c&rsquo;est un inventaire de 9 types de personnalit\u00e9s avec leurs caract\u00e9ristiques et leur dynamique (souvent appel\u00e9 Enn\u00e9agramme des personnalit\u00e9s) c&rsquo;est un outil de d\u00e9veloppement personnel, et m\u00eame spirituel pour &hellip; <a href=\"https:\/\/christophethibierge.com\/blogthib\/developpement-personnel\/types-de-personnalite\/enneagramme\/\">Continuer la lecture <span class=\"meta-nav\">&rarr;<\/span><\/a><\/p>\n","protected":false},"author":1,"featured_media":0,"parent":5683,"menu_order":0,"comment_status":"closed","ping_status":"closed","template":"","meta":{"footnotes":""},"class_list":["post-5707","page","type-page","status-publish","hentry"],"_links":{"self":[{"href":"https:\/\/christophethibierge.com\/blogthib\/wp-json\/wp\/v2\/pages\/5707","targetHints":{"allow":["GET"]}}],"collection":[{"href":"https:\/\/christophethibierge.com\/blogthib\/wp-json\/wp\/v2\/pages"}],"about":[{"href":"https:\/\/christophethibierge.com\/blogthib\/wp-json\/wp\/v2\/types\/page"}],"author":[{"embeddable":true,"href":"https:\/\/christophethibierge.com\/blogthib\/wp-json\/wp\/v2\/users\/1"}],"replies":[{"embeddable":true,"href":"https:\/\/christophethibierge.com\/blogthib\/wp-json\/wp\/v2\/comments?post=5707"}],"version-history":[{"count":10,"href":"https:\/\/christophethibierge.com\/blogthib\/wp-json\/wp\/v2\/pages\/5707\/revisions"}],"predecessor-version":[{"id":6087,"href":"https:\/\/christophethibierge.com\/blogthib\/wp-json\/wp\/v2\/pages\/5707\/revisions\/6087"}],"up":[{"embeddable":true,"href":"https:\/\/christophethibierge.com\/blogthib\/wp-json\/wp\/v2\/pages\/5683"}],"wp:attachment":[{"href":"https:\/\/christophethibierge.com\/blogthib\/wp-json\/wp\/v2\/media?parent=5707"}],"curies":[{"name":"wp","href":"https:\/\/api.w.org\/{rel}","templated":true}]}}