{"id":5685,"date":"2018-07-29T07:58:00","date_gmt":"2018-07-29T06:58:00","guid":{"rendered":"https:\/\/christophethibierge.com\/blogthib\/?page_id=5685"},"modified":"2023-01-08T18:58:07","modified_gmt":"2023-01-08T17:58:07","slug":"mbti","status":"publish","type":"page","link":"https:\/\/christophethibierge.com\/blogthib\/developpement-personnel\/types-de-personnalite\/mbti\/","title":{"rendered":"MBTI"},"content":{"rendered":"<p><a href=\"https:\/\/fr.wikipedia.org\/wiki\/Myers_Briggs_Type_Indicator\">L&rsquo;article wikipedia sur le MBTI<\/a> et <a href=\"https:\/\/fr.wikipedia.org\/wiki\/Carl_Gustav_Jung\">celui sur Jung<\/a>.<\/p>\n<p><strong>Les organismes<br \/>\n<\/strong><\/p>\n<p>\u00c0 ma connaissance, 3 organismes en France organisent des sessions MBTI et disposent d&rsquo;un questionnaire de d\u00e9couverte du type jungien.<\/p>\n<ul>\n<li><a href=\"https:\/\/institut-sciences-perso.fr\/\"><strong>L&rsquo;institut des sciences de la personnalit\u00e9<\/strong><\/a>, o\u00f9 je suis formateur. Nous traitons non seulement du MBTI (les typologies jungiennes de la personnalit\u00e9), mais aussi de l&rsquo;<a href=\"https:\/\/christophethibierge.com\/blogthib\/developpement-personnel\/types-de-personnalite\/enneagramme\/\">Enn\u00e9agramme<\/a>, de la spirale dynamique, du RIASEC et des audits de valeurs culturelles dans les organisations et entreprises.\n<ul>\n<li>Les sessions MBTI \/ typologies jungiennes <a href=\"https:\/\/institut-sciences-perso.fr\/typologies-jungiennes\/\">sont ici<\/a>.<\/li>\n<li>Voici aussi un lien vers <a href=\"https:\/\/enneagram.fr\/public\/pages\/institute\/surveys\">ce que \u00e7a signifie, un questionnaire valid\u00e9 scientifiquement<\/a>.<\/li>\n<li>Il est aussi possible de passer un entretien individuel de d\u00e9couverte de son type de personnalit\u00e9, avec passation du questionnaire scientifiquement valid\u00e9 et remise de la brochure sur les types. Comptez 1h-1h30, <a href=\"https:\/\/institut-sciences-perso.fr\/consultations-individuelles\/\">sur place ou en ligne<\/a>.<\/li>\n<\/ul>\n<\/li>\n<li>OPP, devenu The Myers-Briggs company, est l&rsquo;antenne europ\u00e9enne de la soci\u00e9t\u00e9 am\u00e9ricaine qui commercialise le MBTI. Ils ont une <a href=\"https:\/\/www.opp.com\/fr-FR\/tools\/MBTI\">section consacr\u00e9e au MBTI<\/a> et <a href=\"https:\/\/www.opp.com\/fr-FR\/Knowledge-centre\/Blog\">leur blog<\/a> (vous avez aussi les m\u00eames ressources dans d&rsquo;autres langues).<\/li>\n<li>Osiris conseil, qui a un questionnaire propre, le CCTI (voir ci-dessous).<\/li>\n<\/ul>\n<p><strong>Les sites web <\/strong><\/p>\n<p>Un site tr\u00e8s complet : <a href=\"https:\/\/www.16personalities.com\/fr\/types-de-personnalite\">https:\/\/www.16personalities.com\/fr\/types-de-personnalite<\/a> et le m\u00eame en anglais : <a href=\"https:\/\/www.16personalities.com\/\">https:\/\/www.16personalities.com\/<\/a> (en tout, une vingtaine de langues&#8230;)<\/p>\n<p>Un autre site, qui existe depuis tr\u00e8s longtemps (d&rsquo;o\u00f9 les graphismes un peu vintage&#8230;) <a href=\"https:\/\/www.personalitypage.com\/html\/index.shtml\">https:\/\/www.personalitypage.com\/<\/a> (en anglais)<\/p>\n<p>Attention : beaucoup de personnes croient qu&rsquo;il suffit de lire des ressources en ligne, ou de passer un questionnaire gratuit sur Internet, pour d\u00e9couvrir son profil de personnalit\u00e9. C&rsquo;est une croyance trompeuse. La d\u00e9couverte de son profil est un processus dynamique, avec l&rsquo;aide d&rsquo;un(e) praticien(ne) certifi\u00e9(e). En effet, le passage d&rsquo;un questionnaire non valid\u00e9 donne non seulement des r\u00e9sultats \u00e0 la fiabilit\u00e9 discutable, mais surtout, il fait passer l&rsquo;id\u00e9e fausse que tout repose sur le questionnaire. C&rsquo;est faux : le questionnaire est assez accessoire dans la d\u00e9marche, qui est une d\u00e9marche de meilleure observation de soi-m\u00eame et de ses filtres.<\/p>\n<p><strong>Les ouvrages \/ livrets<br \/>\n<\/strong><\/p>\n<p>Le livret standard de l&rsquo;<a href=\"https:\/\/institut-sciences-perso.fr\/\">institut des sciences de la personnalit\u00e9<\/a> ou celui d&rsquo;OPP (remis lors de la passation d&rsquo;entretien du Type, ou <a href=\"https:\/\/institut-sciences-perso.fr\/typologies-jungiennes\/\">lors d&rsquo;une session MBTI<\/a>) contient \u00e9norm\u00e9ment d&rsquo;informations, c&rsquo;est un petit livre \u00e0 part enti\u00e8re, avec par exemple des parties sur la communication, le travail, l&rsquo;apprentissage en fonction de son type de personnalit\u00e9. \u00c0 <a href=\"https:\/\/institut-sciences-perso.fr\/\">l&rsquo;institut des sciences de la personnalit\u00e9<\/a> , nous diffusons aussi un deuxi\u00e8me livret pour la session sur la <a href=\"https:\/\/institut-sciences-perso.fr\/formations\/g2-levolution-de-la-personnalite-jungienne-tout-au-long-de-la-vie\/\">dynamique du type de personnalit\u00e9 au cours de la vie<\/a>.<\/p>\n<p>Comme indiqu\u00e9 pr\u00e9c\u00e9demment, nous pensons qu&rsquo;une session doit se vivre, et que c&rsquo;est toujours un peu dangereux de se situer uniquement en lisant un (des) livre(s).<\/p>\n<p>Si n\u00e9anmoins vous souhaitez lire, Genevi\u00e8ve Cailloux et Pierre Cauvin proposent <a href=\"https:\/\/amzn.to\/2JMHreR\">leur manuel, derni\u00e8re \u00e9dition<\/a><a href=\"https:\/\/goo.gl\/Ct1Prp\"><br \/>\n<\/a>ou bien (plus ancien et plus orient\u00e9 \u00ab\u00a0d\u00e9marche inductive et chemin personnel\u00a0\u00bb) : <a href=\"https:\/\/amzn.to\/2qxmviY\">Deviens qui tu es<\/a>.<br \/>\nIl y a aussi un livre sur les enfants \/ ados et leurs types de personnalit\u00e9 , bien utile pour nos chers bambins&#8230; (mais c&rsquo;est en anglais) :\u00a0<a href=\"https:\/\/amzn.to\/2LJYK45\">Nurture by Nature<\/a><\/p>\n<p>Plus g\u00e9n\u00e9ralement, une recherche \u00ab\u00a0MBTI\u00a0\u00bb sur Amazon donne <a href=\"https:\/\/www.amazon.fr\/gp\/search\/ref=as_li_qf_sp_sr_tl?ie=UTF8&amp;tag=sitecompdelouvrf&amp;keywords=MBTI&amp;index=aps&amp;camp=1642&amp;creative=6746&amp;linkCode=ur2&amp;linkId=04846a12bf083b8723ad1a1f5dc13c5e\" target=\"_blank\" rel=\"noopener\">plus de 400 livres&#8230;<\/a><\/p>\n","protected":false},"excerpt":{"rendered":"<p>L&rsquo;article wikipedia sur le MBTI et celui sur Jung. Les organismes \u00c0 ma connaissance, 3 organismes en France organisent des sessions MBTI et disposent d&rsquo;un questionnaire de d\u00e9couverte du type jungien. L&rsquo;institut des sciences de la personnalit\u00e9, o\u00f9 je suis &hellip; <a href=\"https:\/\/christophethibierge.com\/blogthib\/developpement-personnel\/types-de-personnalite\/mbti\/\">Continuer la lecture <span class=\"meta-nav\">&rarr;<\/span><\/a><\/p>\n","protected":false},"author":1,"featured_media":0,"parent":5683,"menu_order":0,"comment_status":"closed","ping_status":"closed","template":"","meta":{"footnotes":""},"class_list":["post-5685","page","type-page","status-publish","hentry"],"_links":{"self":[{"href":"https:\/\/christophethibierge.com\/blogthib\/wp-json\/wp\/v2\/pages\/5685","targetHints":{"allow":["GET"]}}],"collection":[{"href":"https:\/\/christophethibierge.com\/blogthib\/wp-json\/wp\/v2\/pages"}],"about":[{"href":"https:\/\/christophethibierge.com\/blogthib\/wp-json\/wp\/v2\/types\/page"}],"author":[{"embeddable":true,"href":"https:\/\/christophethibierge.com\/blogthib\/wp-json\/wp\/v2\/users\/1"}],"replies":[{"embeddable":true,"href":"https:\/\/christophethibierge.com\/blogthib\/wp-json\/wp\/v2\/comments?post=5685"}],"version-history":[{"count":7,"href":"https:\/\/christophethibierge.com\/blogthib\/wp-json\/wp\/v2\/pages\/5685\/revisions"}],"predecessor-version":[{"id":6601,"href":"https:\/\/christophethibierge.com\/blogthib\/wp-json\/wp\/v2\/pages\/5685\/revisions\/6601"}],"up":[{"embeddable":true,"href":"https:\/\/christophethibierge.com\/blogthib\/wp-json\/wp\/v2\/pages\/5683"}],"wp:attachment":[{"href":"https:\/\/christophethibierge.com\/blogthib\/wp-json\/wp\/v2\/media?parent=5685"}],"curies":[{"name":"wp","href":"https:\/\/api.w.org\/{rel}","templated":true}]}}