{"id":5651,"date":"2018-07-27T15:16:47","date_gmt":"2018-07-27T14:16:47","guid":{"rendered":"https:\/\/christophethibierge.com\/blogthib\/?page_id=5651"},"modified":"2021-06-03T17:42:47","modified_gmt":"2021-06-03T16:42:47","slug":"productivite-priorites","status":"publish","type":"page","link":"https:\/\/christophethibierge.com\/blogthib\/developpement-personnel\/productivite-priorites\/","title":{"rendered":"Productivit\u00e9 &#038; priorit\u00e9s"},"content":{"rendered":"<p style=\"text-align: right;\">Retour \u00e0 <a href=\"https:\/\/christophethibierge.com\/blogthib\/developpement-personnel\/\">D\u00e9veloppement Personnel<\/a><\/p>\n<p><strong>Stephen Covey<\/strong><br \/><a href=\"https:\/\/amzn.to\/2A6RLgR\">Les 7 habitudes<\/a><br \/><a href=\"https:\/\/amzn.to\/2OhfKx9\">Priorit\u00e9 aux Priorit\u00e9s<\/a><\/p>\n<p>et mes propres r\u00e9flexions sur ou autour de ces sujets (articles dans l&rsquo;ordre chronologique)<\/p>\n<ul>\n<li><a href=\"https:\/\/christophethibierge.com\/blogthib\/2008\/02\/27\/le-chemin-de-vie\/\">Le chemin de vie &#8211; 3 \u00e9tapes<\/a><\/li>\n<li><a href=\"https:\/\/christophethibierge.com\/blogthib\/2008\/04\/01\/trucs-ou-principes-le-zen-de-lorganisation\/\">Trucs ou principes ? Le Zen de l&rsquo;organisation<\/a><\/li>\n<li><a href=\"https:\/\/christophethibierge.com\/blogthib\/2008\/09\/05\/lurgent-limportant-et-le-truand\/\">L&rsquo;Urgent, l&rsquo;Important et le Truand<\/a><\/li>\n<li><a href=\"https:\/\/christophethibierge.com\/blogthib\/2011\/04\/10\/la-pile-the-stack-et-la-strategie-du-dressing-the-dressing-room-strategy\/\">La Pile et la Strat\u00e9gie du Dressing<\/a><\/li>\n<li><a href=\"https:\/\/christophethibierge.com\/blogthib\/2011\/11\/25\/rentabilite-en-pourcentage-et-profit-en-argent-la-tentation-du-court-termisme\/\">Rentabilit\u00e9 en pourcentage et profit en argent : la tentation du court termisme<\/a><\/li>\n<\/ul>\n<p><strong>David Allen<\/strong><br \/><a href=\"https:\/\/amzn.to\/2Lj5NRI\">La m\u00e9thode Getting Things Done<\/a><\/p>\n<p>et ma propre d\u00e9couverte de cette m\u00e9thode (articles dans l&rsquo;ordre chronologique)<\/p>\n<ul>\n<li><a href=\"https:\/\/christophethibierge.com\/blogthib\/2007\/10\/31\/gtd-le-pitch\/\">GTD &#8211; le pitch<\/a><\/li>\n<li><a href=\"https:\/\/christophethibierge.com\/blogthib\/2007\/11\/01\/gtd-lillumination\/\">GTD &#8211; l&rsquo;illumination<\/a><\/li>\n<li><a href=\"https:\/\/christophethibierge.com\/blogthib\/2007\/11\/04\/gtd-le-livre-critique-eclair\/\">GTD &#8211; le livre &#8211; critique \u00e9clair<\/a><\/li>\n<li><a href=\"https:\/\/christophethibierge.com\/blogthib\/2007\/11\/29\/gtd-le-vrai-pitch-ou-toute-la-methode-en-5-idees\/\">GTD &#8211; toute la m\u00e9thode en 5 id\u00e9es<\/a><\/li>\n<li><a href=\"http:\/\/GTD \u2013 premier principe \u2013 les pens\u00e9es bourdonnantes\">GTD &#8211; premier principe &#8211; les pens\u00e9es bourdonnantes<\/a><\/li>\n<li>et je me suis arr\u00eat\u00e9 l\u00e0&#8230;<\/li>\n<\/ul>\n<p>Depuis cette \u00e9poque glorieuse, j&rsquo;ai anim\u00e9 quantit\u00e9 de sessions aupr\u00e8s de managers et dirigeants sur les th\u00e8mes de la productivit\u00e9 au travail, la gestion de projet, la gestion du temps et la gestion du stress, la gestion des e-mails, ou encore la n\u00e9cessit\u00e9 d&rsquo;avoir un Syst\u00e8me.<\/p>\n<p>Une illustration d&rsquo;une partie de mon syst\u00e8me peut \u00eatre trouv\u00e9e dans cette s\u00e9rie de thibillets sur le BuJo (<em>Bullet Journal<\/em>) :<\/p>\n<ul>\n<li><a href=\"https:\/\/christophethibierge.com\/blogthib\/2018\/11\/04\/bujo-bullet-journal-1\/\">BuJo (Bullet Journal) 1<\/a><\/li>\n<li><a href=\"https:\/\/christophethibierge.com\/blogthib\/2018\/11\/06\/bujo-2\/\">BuJo 2 \u2013 ajouts, modifications, retraits<\/a><\/li>\n<li><a href=\"https:\/\/christophethibierge.com\/blogthib\/2018\/12\/31\/bujo-3-critiques\/\">BuJo 3 \u2013 critiques<\/a><\/li>\n<li><a href=\"https:\/\/christophethibierge.com\/blogthib\/2019\/03\/14\/bujo-iv-fournitures-et-quelques-conseils-ultimes%ef%bb%bf\/\">BuJo IV \u2013 fournitures et quelques conseils ultimes<\/a><\/li>\n<\/ul>\n<p>Enfin, en vrac, vous pouvez consulter ma rubrique \u00ab\u00a0<a href=\"https:\/\/christophethibierge.com\/blogthib\/category\/productivite\/\">Productivit\u00e9<\/a>\u00ab\u00a0.<\/p>\n\n\n<p><\/p>\n","protected":false},"excerpt":{"rendered":"<p>Retour \u00e0 D\u00e9veloppement Personnel Stephen CoveyLes 7 habitudesPriorit\u00e9 aux Priorit\u00e9s et mes propres r\u00e9flexions sur ou autour de ces sujets (articles dans l&rsquo;ordre chronologique) Le chemin de vie &#8211; 3 \u00e9tapes Trucs ou principes ? Le Zen de l&rsquo;organisation L&rsquo;Urgent, &hellip; <a href=\"https:\/\/christophethibierge.com\/blogthib\/developpement-personnel\/productivite-priorites\/\">Continuer la lecture <span class=\"meta-nav\">&rarr;<\/span><\/a><\/p>\n","protected":false},"author":1,"featured_media":0,"parent":5125,"menu_order":0,"comment_status":"closed","ping_status":"closed","template":"","meta":{"footnotes":""},"class_list":["post-5651","page","type-page","status-publish","hentry"],"_links":{"self":[{"href":"https:\/\/christophethibierge.com\/blogthib\/wp-json\/wp\/v2\/pages\/5651","targetHints":{"allow":["GET"]}}],"collection":[{"href":"https:\/\/christophethibierge.com\/blogthib\/wp-json\/wp\/v2\/pages"}],"about":[{"href":"https:\/\/christophethibierge.com\/blogthib\/wp-json\/wp\/v2\/types\/page"}],"author":[{"embeddable":true,"href":"https:\/\/christophethibierge.com\/blogthib\/wp-json\/wp\/v2\/users\/1"}],"replies":[{"embeddable":true,"href":"https:\/\/christophethibierge.com\/blogthib\/wp-json\/wp\/v2\/comments?post=5651"}],"version-history":[{"count":5,"href":"https:\/\/christophethibierge.com\/blogthib\/wp-json\/wp\/v2\/pages\/5651\/revisions"}],"predecessor-version":[{"id":6275,"href":"https:\/\/christophethibierge.com\/blogthib\/wp-json\/wp\/v2\/pages\/5651\/revisions\/6275"}],"up":[{"embeddable":true,"href":"https:\/\/christophethibierge.com\/blogthib\/wp-json\/wp\/v2\/pages\/5125"}],"wp:attachment":[{"href":"https:\/\/christophethibierge.com\/blogthib\/wp-json\/wp\/v2\/media?parent=5651"}],"curies":[{"name":"wp","href":"https:\/\/api.w.org\/{rel}","templated":true}]}}