{"id":5505,"date":"2016-04-16T15:47:45","date_gmt":"2016-04-16T14:47:45","guid":{"rendered":"https:\/\/christophethibierge.com\/blogthib\/?page_id=5505"},"modified":"2022-10-25T09:28:31","modified_gmt":"2022-10-25T08:28:31","slug":"coaching-fr","status":"publish","type":"page","link":"https:\/\/christophethibierge.com\/blogthib\/coaching\/coaching-fr\/","title":{"rendered":"Coaching FR"},"content":{"rendered":"<div class=\"wp-block-image\">\n<figure class=\"alignleft is-resized\"><a href=\"https:\/\/christophethibierge.com\/blogthib\/coaching-eng\/\" rel=\"attachment wp-att-5517\"><img loading=\"lazy\" decoding=\"async\" src=\"https:\/\/christophethibierge.com\/blogthib\/wp-content\/uploads\/2016\/04\/UK-US_flag-300x178.png\" alt=\"UK-US_flag\" class=\"wp-image-5517\" width=\"81\" height=\"48\" srcset=\"https:\/\/christophethibierge.com\/blogthib\/wp-content\/uploads\/2016\/04\/UK-US_flag-300x178.png 300w, https:\/\/christophethibierge.com\/blogthib\/wp-content\/uploads\/2016\/04\/UK-US_flag-768x456.png 768w, https:\/\/christophethibierge.com\/blogthib\/wp-content\/uploads\/2016\/04\/UK-US_flag-500x297.png 500w, https:\/\/christophethibierge.com\/blogthib\/wp-content\/uploads\/2016\/04\/UK-US_flag.png 800w\" sizes=\"auto, (max-width: 81px) 100vw, 81px\" \/><\/a><\/figure>\n<\/div>\n\n\n<p>Depuis plusieurs ann\u00e9es, je propose des prestations de <strong>coaching personnalis\u00e9<\/strong> (voir plus bas les rubriques <em>Formation<\/em> et <em>Publics concern\u00e9s<\/em>). Si vous voulez en savoir plus, voici un lien de contact pour en savoir plus sur un coaching : <a href=\"mailto:ct@christophethibierge.com?subject=Informations sur un Coaching\">Cliquez ici<\/a>. Et pour vous guider dans votre r\u00e9flexion, voil\u00e0 une mini-FAQ sur le sujet :<\/p>\n\n\n<div class=\"wp-block-image\">\n<figure class=\"alignright size-full is-resized\"><a href=\"https:\/\/christophethibierge.com\/blogthib\/wp-content\/uploads\/2022\/10\/bud-helisson-kqguzgvYrtM-unsplash.jpg\"><img loading=\"lazy\" decoding=\"async\" src=\"https:\/\/christophethibierge.com\/blogthib\/wp-content\/uploads\/2022\/10\/bud-helisson-kqguzgvYrtM-unsplash.jpg\" alt=\"\" class=\"wp-image-6593\" width=\"237\" height=\"189\" srcset=\"https:\/\/christophethibierge.com\/blogthib\/wp-content\/uploads\/2022\/10\/bud-helisson-kqguzgvYrtM-unsplash.jpg 640w, https:\/\/christophethibierge.com\/blogthib\/wp-content\/uploads\/2022\/10\/bud-helisson-kqguzgvYrtM-unsplash-300x239.jpg 300w\" sizes=\"auto, (max-width: 237px) 100vw, 237px\" \/><\/a><\/figure>\n<\/div>\n\n\n<p><strong>Comment savoir si vous vous avez besoin d&rsquo;un coaching ?<\/strong><\/p>\n\n\n\n<ul class=\"wp-block-list\"><li>Vous faites face \u00e0 une situation (professionnelle ou personnelle) dans laquelle vous n&rsquo;arrivez pas \u00e0 trouver une solution satisfaisante, ou bien vous souhaiteriez \u00e9changer sur les solutions que vous envisagez<\/li><li>Vous \u00eates \u00e0 la recherche de nouvelles id\u00e9es, ou bien vous vous sentez dans une impasse \/ face \u00e0 des obstacles<\/li><li>Vous envisagez un changement de carri\u00e8re professionnelle, ou un changement de vie, et soit vous ne savez pas comment, ni par o\u00f9 commencer, soit vous avez besoin d&rsquo;accompagnement et de suivi dans ce processus (et pourquoi pas un <a href=\"https:\/\/institut-sciences-perso.fr\/bilans-de-personnalite-et-bilans-de-competences\/\">bilan de comp\u00e9tence<\/a> ?)<\/li><li>Vous avez des probl\u00e8mes avec certaines personnes (des individus, des groupes), au travail ou dans votre vie personnelle, et vous souhaitez am\u00e9liorer la situation et trouver de nouvelles perspectives<\/li><\/ul>\n\n\n\n<p>En bref, vous pourriez tirer b\u00e9n\u00e9fice d&rsquo;un coaching personnalis\u00e9 dans toutes les situations o\u00f9 vous souhaiteriez \u00eatre accompagn\u00e9(e) dans vos r\u00e9flexions et vos plans d&rsquo;action par un professionnel, pour tout type de question non-technique*.<\/p>\n\n\n\n<p>* Si les probl\u00e8mes que vous rencontrez sont techniques ( \u00ab\u00a0Je cherche un outil de reporting asynchrone fonctionnant sur une base multinationale\u00a0\u00bb), vous n&rsquo;avez pas besoin d&rsquo;un coach, mais plut\u00f4t d&rsquo;un expert et \/ ou un consultant dans le domaine concern\u00e9.<\/p>\n\n\n\n<p>Les s\u00e9ances de coaching peuvent \u00eatre faites par t\u00e9l\u00e9phone, par Zoom \/ Teams \/ Skype (&#8230;) ou par des r\u00e9unions en face-\u00e0-face, en anglais et en fran\u00e7ais. Je suis certifi\u00e9 par l&rsquo;International Coaching Federation (ICF), niveau ACC.<\/p>\n\n\n\n<p><strong>Publics concern\u00e9s<\/strong><\/p>\n\n\n\n<p>Pour l&rsquo;instant, les personnes qui font appel \u00e0 moi se r\u00e9partissent en 4 cat\u00e9gories :<\/p>\n\n\n<div class=\"wp-block-image\">\n<figure class=\"alignright size-full is-resized\"><a href=\"https:\/\/christophethibierge.com\/blogthib\/wp-content\/uploads\/2022\/10\/mediensturmer-aWf7mjwwJJo-unsplash.jpg\"><img loading=\"lazy\" decoding=\"async\" src=\"https:\/\/christophethibierge.com\/blogthib\/wp-content\/uploads\/2022\/10\/mediensturmer-aWf7mjwwJJo-unsplash.jpg\" alt=\"\" class=\"wp-image-6594\" width=\"272\" height=\"181\" srcset=\"https:\/\/christophethibierge.com\/blogthib\/wp-content\/uploads\/2022\/10\/mediensturmer-aWf7mjwwJJo-unsplash.jpg 640w, https:\/\/christophethibierge.com\/blogthib\/wp-content\/uploads\/2022\/10\/mediensturmer-aWf7mjwwJJo-unsplash-300x200.jpg 300w\" sizes=\"auto, (max-width: 272px) 100vw, 272px\" \/><\/a><\/figure>\n<\/div>\n\n\n<ul class=\"wp-block-list\"><li>des <strong>managers et dirigeants<\/strong> travaillant en entreprise et qui font face \u00e0 diff\u00e9rentes transitions : changement de fonction au sein de l&rsquo;entreprise, recherche de nouvelles options, prise de nouvelles responsabilit\u00e9s, animation d&rsquo;\u00e9quipe ou transition entre deux entreprises ou deux m\u00e9tiers<\/li><li>des <strong>entrepreneurs <\/strong>dans toutes les phases de la vie de leur projet : recherche et conception, lancement, d\u00e9veloppement, cession, reconversion<\/li><li>des <strong>enseignants et futurs enseignants<\/strong> du sup\u00e9rieur (portefeuille de cours, diff\u00e9rents publics et missions, gestion de l&rsquo;\u00e9nergie aux diff\u00e9rentes phases de la carri\u00e8re, diversification des activit\u00e9s)<\/li><li>des <strong>\u00e9tudiants<\/strong>, depuis des \u00e9tudiants en <strong>classe pr\u00e9paratoire<\/strong> jusqu&rsquo;\u00e0 des th\u00e9sards en <strong>th\u00e8se de doctorat <\/strong>(conseils m\u00e9thodologiques et accompagnement), en passant par des \u00e9tudiants en cours d&rsquo;\u00e9tudes, ou qui doivent faire des <strong>choix d&rsquo;orientation<\/strong> (par exemple avec un <a href=\"https:\/\/institut-sciences-perso.fr\/bilans-de-personnalite-et-bilans-de-competences\/\">bilan de personnalit\u00e9<\/a>).<\/li><\/ul>\n\n\n\n<p><strong>Formation<\/strong><\/p>\n\n\n\n<ul class=\"wp-block-list\"><li>Coach (<a href=\"http:\/\/www.metasysteme-coaching.fr\/\">Metasyst\u00e8me<\/a>), <a href=\"http:\/\/www.coachfederation.fr\/index.php?option=com_comprofiler&amp;task=userprofile&amp;user=7806&amp;Itemid=483\">Certifi\u00e9 par l&rsquo;ICF<\/a><\/li><li><a href=\"https:\/\/www.opp.com\/fr-FR\/tools\/MBTI\">Praticien certifi\u00e9 en MBTI &#8211; OPP<\/a> et habilit\u00e9 \u00e0 faire passer le questionnaire <a href=\"https:\/\/enneagram.fr\/public\/pages\/institute\/surveys\">HPJI<\/a>, scientifiquement valid\u00e9.<\/li><li>Praticien certifi\u00e9 en Enn\u00e9agramme &#8211; Institut Fran\u00e7ais de l&rsquo;Enn\u00e9agramme et HPEI. Habilitation \u00e0 faire passer le questionnaire <a href=\"https:\/\/enneagram.fr\/public\/pages\/institute\/surveys\">HPEI<\/a>, scientifiquement valid\u00e9.<\/li><li>Praticien certifi\u00e9 en Programmation Neuro-Linguistique (PNL) &#8211; <a href=\"http:\/\/www.institut-repere.com\/\">Institut Rep\u00e8res<\/a> et <a href=\"http:\/\/www.inforpnl.com\/institut.htm\">Institut de Formation PNL<\/a><\/li><\/ul>\n\n\n\n<p><strong>Animation de cours et conf\u00e9rences<\/strong><\/p>\n\n\n\n<ul class=\"wp-block-list\"><li>La m\u00e9thode Getting Things Done (GTD)<\/li><li>L&rsquo;urgent, l&rsquo;important et les priorit\u00e9s au travail : outils et approches<\/li><li>Gestion des e-mails : comment arriver \u00e0 une boite de r\u00e9ception vide&#8230; et y rester<\/li><li>Gestion de crise en salle de formation<\/li><li>Powerpoint, les avantages et les d\u00e9fauts de l&rsquo;outil, et comment s&rsquo;en passer<\/li><li>Construire et faire un cours en grande \u00e9cole ou \u00e0 l&rsquo;universit\u00e9<\/li><\/ul>\n\n\n\n<p>\u21d2 <a href=\"mailto:ct@christophethibierge.com?subject=Informations sur un Coaching\">Contact<\/a><\/p>\n","protected":false},"excerpt":{"rendered":"<p>Depuis plusieurs ann\u00e9es, je propose des prestations de coaching personnalis\u00e9 (voir plus bas les rubriques Formation et Publics concern\u00e9s). Si vous voulez en savoir plus, voici un lien de contact pour en savoir plus sur un coaching : Cliquez ici. &hellip; <a href=\"https:\/\/christophethibierge.com\/blogthib\/coaching\/coaching-fr\/\">Continuer la lecture <span class=\"meta-nav\">&rarr;<\/span><\/a><\/p>\n","protected":false},"author":1,"featured_media":0,"parent":5695,"menu_order":0,"comment_status":"closed","ping_status":"closed","template":"","meta":{"footnotes":""},"class_list":["post-5505","page","type-page","status-publish","hentry"],"_links":{"self":[{"href":"https:\/\/christophethibierge.com\/blogthib\/wp-json\/wp\/v2\/pages\/5505","targetHints":{"allow":["GET"]}}],"collection":[{"href":"https:\/\/christophethibierge.com\/blogthib\/wp-json\/wp\/v2\/pages"}],"about":[{"href":"https:\/\/christophethibierge.com\/blogthib\/wp-json\/wp\/v2\/types\/page"}],"author":[{"embeddable":true,"href":"https:\/\/christophethibierge.com\/blogthib\/wp-json\/wp\/v2\/users\/1"}],"replies":[{"embeddable":true,"href":"https:\/\/christophethibierge.com\/blogthib\/wp-json\/wp\/v2\/comments?post=5505"}],"version-history":[{"count":19,"href":"https:\/\/christophethibierge.com\/blogthib\/wp-json\/wp\/v2\/pages\/5505\/revisions"}],"predecessor-version":[{"id":6595,"href":"https:\/\/christophethibierge.com\/blogthib\/wp-json\/wp\/v2\/pages\/5505\/revisions\/6595"}],"up":[{"embeddable":true,"href":"https:\/\/christophethibierge.com\/blogthib\/wp-json\/wp\/v2\/pages\/5695"}],"wp:attachment":[{"href":"https:\/\/christophethibierge.com\/blogthib\/wp-json\/wp\/v2\/media?parent=5505"}],"curies":[{"name":"wp","href":"https:\/\/api.w.org\/{rel}","templated":true}]}}