{"id":5139,"date":"2013-08-19T16:18:51","date_gmt":"2013-08-19T15:18:51","guid":{"rendered":"https:\/\/christophethibierge.com\/blogthib\/?page_id=5139"},"modified":"2021-05-20T09:28:43","modified_gmt":"2021-05-20T08:28:43","slug":"roman-magnolia-express","status":"publish","type":"page","link":"https:\/\/christophethibierge.com\/blogthib\/roman-et-nouvelles\/roman-magnolia-express\/","title":{"rendered":"Roman \u00ab\u00a0Magnolia Express\u00a0\u00bb"},"content":{"rendered":"\n<div class=\"wp-block-image\"><figure class=\"alignright size-large is-resized\"><a href=\"https:\/\/amzn.to\/3dW0wfO\"><img loading=\"lazy\" decoding=\"async\" src=\"https:\/\/christophethibierge.com\/blogthib\/wp-content\/uploads\/2021\/04\/Capture-decran-2021-04-29-165059.png\" alt=\"\" class=\"wp-image-6093\" width=\"193\" height=\"308\" srcset=\"https:\/\/christophethibierge.com\/blogthib\/wp-content\/uploads\/2021\/04\/Capture-decran-2021-04-29-165059.png 260w, https:\/\/christophethibierge.com\/blogthib\/wp-content\/uploads\/2021\/04\/Capture-decran-2021-04-29-165059-188x300.png 188w\" sizes=\"auto, (max-width: 193px) 100vw, 193px\" \/><\/a><\/figure><\/div>\n\n\n\n<p>Le roman est d\u00e9sormais \u00e9dit\u00e9 chez <a href=\"https:\/\/www.bod.fr\/librairie\/magnolia-express-christophe-thibierge-9782322181261\">BoD<\/a>, et disponible (en version papier, et en e-Book) sur les principaux sites de vente en ligne : <\/p>\n\n\n\n<ul class=\"wp-block-list\"><li><a href=\"https:\/\/amzn.to\/3dW0wfO\">Amazon<\/a>, <\/li><li><a href=\"https:\/\/www.bod.fr\/librairie\/magnolia-express-christophe-thibierge-9782322181261\">Books on Demand<\/a>,<\/li><li><a href=\"https:\/\/livre.fnac.com\/a15926078\/Christophe-Thibierge-Magnolia-Express\">Fnac<\/a>, <\/li><li><a href=\"https:\/\/www.placedeslibraires.fr\/livre\/9782322219049-magnolia-express-roman-christophe-thibierge\/\">Place des Libraires<\/a> (attention, certaines librairies ne traitent pas les livres BoD)<\/li><\/ul>\n\n\n<p><button style=\"background-color:orange;color:white;width:300px;\nheight:40px;\" onclick=\"window.location.href = 'https:\/\/amzn.to\/3fMBj7l';\">E-book Kindle &#8211; cliquez ici<\/button><\/p>\n\n\n<td><div id=\"bodShopWidget_03356366_ebook\" class=\"bodShopWidget\"><\/div><script type=\"text\/javascript\">if(typeof checkLibExist == \"undefined\"){var script = document.createElement(\"script\");script.src =\"\/\/www.bod.de\/public\/js\/bod\/shopWidget.min.js?123\";script.type = \"text\/javascript\";document.head.appendChild(script);var checkLibExist = true;} if(typeof books === \"undefined\") var books=[];books.push({\"objID\":\"03356366\",\"swKey\":\"af133e49dd194c51129057edd665baee\",\"type\":\"ebook\",\"size\":\"button\",\"font\":\"serif\",\"shadow\":true,\"contour\":true,\"coverContour\":true,\"fontColor\":\"#000000\",\"contourColor\":\"#000000\",\"shadowBtn\":true,\"contourBtn\":false,\"bgColor\":\"#ffffff\",\"btnFontColor\":\"#ffffff\",\"btnColor\":\"#e84e0f\",\"btnContourColor\":\"#e84e0f\",\"shop\":\"\",\"bookSampleLinkText\":\"Lire un extrait\",\"descriptionTitle\":\"Description\",\"mandantShopUrl\":\"https:\/\/www.bod.fr\/librairie\",\"btnText\":\"Ebook ePub\",\"errMsg1Obj\":\"Ce titre n'est malheureusement<br> plus disponible.\",\"errMsg2Obj\":\"D\u00e9couvrez d'autres livres qui pourraient vous int\u00e9resser !\",\"errMsg1Server\":\"Ce titre est actuellement indisponible.\",\"errMsg2Server\":\"Veuillez r\u00e9essayer plus tard.\",\"errMsg3Server\":\"TITRE ACTUELLEMENT INDISPONIBLE\"});<\/script><\/td>\n","protected":false},"excerpt":{"rendered":"<p>Le roman est d\u00e9sormais \u00e9dit\u00e9 chez BoD, et disponible (en version papier, et en e-Book) sur les principaux sites de vente en ligne : Amazon, Books on Demand, Fnac, Place des Libraires (attention, certaines librairies ne traitent pas les livres &hellip; <a href=\"https:\/\/christophethibierge.com\/blogthib\/roman-et-nouvelles\/roman-magnolia-express\/\">Continuer la lecture <span class=\"meta-nav\">&rarr;<\/span><\/a><\/p>\n","protected":false},"author":1,"featured_media":0,"parent":5128,"menu_order":0,"comment_status":"open","ping_status":"open","template":"paget-posts.php","meta":{"footnotes":""},"class_list":["post-5139","page","type-page","status-publish","hentry"],"_links":{"self":[{"href":"https:\/\/christophethibierge.com\/blogthib\/wp-json\/wp\/v2\/pages\/5139","targetHints":{"allow":["GET"]}}],"collection":[{"href":"https:\/\/christophethibierge.com\/blogthib\/wp-json\/wp\/v2\/pages"}],"about":[{"href":"https:\/\/christophethibierge.com\/blogthib\/wp-json\/wp\/v2\/types\/page"}],"author":[{"embeddable":true,"href":"https:\/\/christophethibierge.com\/blogthib\/wp-json\/wp\/v2\/users\/1"}],"replies":[{"embeddable":true,"href":"https:\/\/christophethibierge.com\/blogthib\/wp-json\/wp\/v2\/comments?post=5139"}],"version-history":[{"count":15,"href":"https:\/\/christophethibierge.com\/blogthib\/wp-json\/wp\/v2\/pages\/5139\/revisions"}],"predecessor-version":[{"id":6271,"href":"https:\/\/christophethibierge.com\/blogthib\/wp-json\/wp\/v2\/pages\/5139\/revisions\/6271"}],"up":[{"embeddable":true,"href":"https:\/\/christophethibierge.com\/blogthib\/wp-json\/wp\/v2\/pages\/5128"}],"wp:attachment":[{"href":"https:\/\/christophethibierge.com\/blogthib\/wp-json\/wp\/v2\/media?parent=5139"}],"curies":[{"name":"wp","href":"https:\/\/api.w.org\/{rel}","templated":true}]}}