{"id":5125,"date":"2013-08-19T15:55:33","date_gmt":"2013-08-19T14:55:33","guid":{"rendered":"https:\/\/christophethibierge.com\/blogthib\/?page_id=5125"},"modified":"2021-05-01T11:34:59","modified_gmt":"2021-05-01T10:34:59","slug":"developpement-personnel","status":"publish","type":"page","link":"https:\/\/christophethibierge.com\/blogthib\/developpement-personnel\/","title":{"rendered":"D\u00e9veloppement personnel"},"content":{"rendered":"\n<ul class=\"wp-block-list\"><li><a href=\"https:\/\/christophethibierge.com\/blogthib\/developpement-personnel\/introduction-et-liste-de-thematiques\/\">Qu&rsquo;est-ce que le d\u00e9veloppement personnel ? Quelles en sont les th\u00e9matiques ?<\/a><\/li><li><a href=\"https:\/\/christophethibierge.com\/blogthib\/developpement-personnel\/meditation\/\">La m\u00e9ditation &#8211; mes id\u00e9es et ressources<\/a><\/li><li><a href=\"https:\/\/christophethibierge.com\/blogthib\/developpement-personnel\/micro-siestes\/\">Les micro-siestes &#8211; ma pratique et mes ressources<\/a><\/li><li><a href=\"https:\/\/christophethibierge.com\/blogthib\/developpement-personnel\/pnl-programmation-neuro-linguistique\/\">La programmation neuro-linguistique (PNL) et son utilit\u00e9<\/a><\/li><li><a href=\"https:\/\/christophethibierge.com\/blogthib\/developpement-personnel\/productivite-priorites\/\">Productivit\u00e9, gestion du temps et des priorit\u00e9s<\/a><\/li><li><a href=\"https:\/\/christophethibierge.com\/blogthib\/developpement-personnel\/productivite-priorites\/\">Romans et lectures sur le d\u00e9veloppement personnel<\/a><\/li><li><a href=\"https:\/\/christophethibierge.com\/blogthib\/developpement-personnel\/types-de-personnalite\/\">Types de personnalit\u00e9 et psychologie des personnes<\/a><\/li><\/ul>\n\n\n\n<p><\/p>\n","protected":false},"excerpt":{"rendered":"<p>Qu&rsquo;est-ce que le d\u00e9veloppement personnel ? Quelles en sont les th\u00e9matiques ? La m\u00e9ditation &#8211; mes id\u00e9es et ressources Les micro-siestes &#8211; ma pratique et mes ressources La programmation neuro-linguistique (PNL) et son utilit\u00e9 Productivit\u00e9, gestion du temps et des &hellip; <a href=\"https:\/\/christophethibierge.com\/blogthib\/developpement-personnel\/\">Continuer la lecture <span class=\"meta-nav\">&rarr;<\/span><\/a><\/p>\n","protected":false},"author":1,"featured_media":0,"parent":0,"menu_order":0,"comment_status":"open","ping_status":"open","template":"","meta":{"footnotes":""},"class_list":["post-5125","page","type-page","status-publish","hentry"],"_links":{"self":[{"href":"https:\/\/christophethibierge.com\/blogthib\/wp-json\/wp\/v2\/pages\/5125","targetHints":{"allow":["GET"]}}],"collection":[{"href":"https:\/\/christophethibierge.com\/blogthib\/wp-json\/wp\/v2\/pages"}],"about":[{"href":"https:\/\/christophethibierge.com\/blogthib\/wp-json\/wp\/v2\/types\/page"}],"author":[{"embeddable":true,"href":"https:\/\/christophethibierge.com\/blogthib\/wp-json\/wp\/v2\/users\/1"}],"replies":[{"embeddable":true,"href":"https:\/\/christophethibierge.com\/blogthib\/wp-json\/wp\/v2\/comments?post=5125"}],"version-history":[{"count":21,"href":"https:\/\/christophethibierge.com\/blogthib\/wp-json\/wp\/v2\/pages\/5125\/revisions"}],"predecessor-version":[{"id":6237,"href":"https:\/\/christophethibierge.com\/blogthib\/wp-json\/wp\/v2\/pages\/5125\/revisions\/6237"}],"wp:attachment":[{"href":"https:\/\/christophethibierge.com\/blogthib\/wp-json\/wp\/v2\/media?parent=5125"}],"curies":[{"name":"wp","href":"https:\/\/api.w.org\/{rel}","templated":true}]}}