{"id":2,"date":"2013-01-04T10:46:00","date_gmt":"2013-01-04T10:46:00","guid":{"rendered":"https:\/\/christophethibierge.com\/blogthib\/?page_id=2"},"modified":"2013-01-24T19:23:58","modified_gmt":"2013-01-24T18:23:58","slug":"a-propos","status":"publish","type":"page","link":"https:\/\/christophethibierge.com\/blogthib\/a-propos\/","title":{"rendered":"\u00c0 propos"},"content":{"rendered":"<p>Ce blog est le pendant nocturne et flou de <a href=\"http:\/\/www.thibierge.net\">www.thibierge.net<\/a>. Suivant l&rsquo;humeur et les saisons, les thibillets de ce blog traitent de ha\u00efkus, de finance, de d\u00e9placements urbains selon les principes de la m\u00e9canique des fluides ou d&rsquo;\u00e9crits (quelques nouvelles, un roman, des histoires en 6 mots&#8230;). Le tout est flou, \u00e9videmment.<\/p>\n<p>\u00c0 l&rsquo;instar de Jekyll, l&rsquo;auteur surgit parfois dans le monde r\u00e9el, pour donner des cours et boire des expressos, du Lapsang souchong, ou d&rsquo;autres boissons tonifiantes.<\/p>\n<p><a href=\"https:\/\/christophethibierge.com\/blogthib\/comments\/feed\/\">Flux RSS des articles<\/a><\/p>\n<p><a href=\"https:\/\/christophethibierge.com\/blogthib\/comments\/feed\/\">Flux RSS des commentaires<\/p>\n<p>&nbsp;<\/p>\n<p><\/a><\/p>\n","protected":false},"excerpt":{"rendered":"<p>Ce blog est le pendant nocturne et flou de www.thibierge.net. Suivant l&rsquo;humeur et les saisons, les thibillets de ce blog traitent de ha\u00efkus, de finance, de d\u00e9placements urbains selon les principes de la m\u00e9canique des fluides ou d&rsquo;\u00e9crits (quelques nouvelles, &hellip; <a href=\"https:\/\/christophethibierge.com\/blogthib\/a-propos\/\">Continuer la lecture <span class=\"meta-nav\">&rarr;<\/span><\/a><\/p>\n","protected":false},"author":1,"featured_media":0,"parent":0,"menu_order":0,"comment_status":"open","ping_status":"open","template":"","meta":{"footnotes":""},"class_list":["post-2","page","type-page","status-publish","hentry"],"_links":{"self":[{"href":"https:\/\/christophethibierge.com\/blogthib\/wp-json\/wp\/v2\/pages\/2","targetHints":{"allow":["GET"]}}],"collection":[{"href":"https:\/\/christophethibierge.com\/blogthib\/wp-json\/wp\/v2\/pages"}],"about":[{"href":"https:\/\/christophethibierge.com\/blogthib\/wp-json\/wp\/v2\/types\/page"}],"author":[{"embeddable":true,"href":"https:\/\/christophethibierge.com\/blogthib\/wp-json\/wp\/v2\/users\/1"}],"replies":[{"embeddable":true,"href":"https:\/\/christophethibierge.com\/blogthib\/wp-json\/wp\/v2\/comments?post=2"}],"version-history":[{"count":5,"href":"https:\/\/christophethibierge.com\/blogthib\/wp-json\/wp\/v2\/pages\/2\/revisions"}],"predecessor-version":[{"id":1305,"href":"https:\/\/christophethibierge.com\/blogthib\/wp-json\/wp\/v2\/pages\/2\/revisions\/1305"}],"wp:attachment":[{"href":"https:\/\/christophethibierge.com\/blogthib\/wp-json\/wp\/v2\/media?parent=2"}],"curies":[{"name":"wp","href":"https:\/\/api.w.org\/{rel}","templated":true}]}}