{"id":404,"date":"2013-12-28T12:30:48","date_gmt":"2013-12-28T11:30:48","guid":{"rendered":"https:\/\/christophethibierge.com\/CTF\/?page_id=404"},"modified":"2019-11-26T08:56:14","modified_gmt":"2019-11-26T07:56:14","slug":"commentaires-des-lecteurs","status":"publish","type":"page","link":"https:\/\/christophethibierge.com\/CTF\/commentaires-des-lecteurs\/","title":{"rendered":"Commentaires des lecteurs"},"content":{"rendered":"<p><a href=\"https:\/\/www.amazon.fr\/gp\/product\/231140699X\/ref=as_li_tl?ie=UTF8&amp;tag=sitecompdelouvrf&amp;camp=1642&amp;creative=6746&amp;linkCode=as2&amp;creativeASIN=231140699X&amp;linkId=7fcc6d1905294b3c441b7a2727c1506ahttp:\/\/goo.gl\/cpCqOa\"><img loading=\"lazy\" decoding=\"async\" class=\"wp-image-541 alignright\" src=\"https:\/\/christophethibierge.com\/CTF\/wp-content\/uploads\/2019\/11\/CTF4Ed-200x300.jpg\" alt=\"\" width=\"72\" height=\"108\" srcset=\"https:\/\/christophethibierge.com\/CTF\/wp-content\/uploads\/2019\/11\/CTF4Ed-200x300.jpg 200w, https:\/\/christophethibierge.com\/CTF\/wp-content\/uploads\/2019\/11\/CTF4Ed-100x150.jpg 100w, https:\/\/christophethibierge.com\/CTF\/wp-content\/uploads\/2019\/11\/CTF4Ed.jpg 333w\" sizes=\"auto, (max-width: 72px) 100vw, 72px\" \/><\/a>Nous en sommes \u00e0 la 4\u00e8me \u00e9dition, et les commentaires sont toujours aussi gentils, merci \u00e0 vous \ud83d\ude42 Pour \u00e9viter que ceux-ci ne se perdent, voici la copie de ces commentaires class\u00e9s par site :<\/p>\n<p>Sur <strong>Amazon<\/strong><\/p>\n<p><img loading=\"lazy\" decoding=\"async\" class=\"alignleft wp-image-552\" src=\"https:\/\/christophethibierge.com\/CTF\/wp-content\/uploads\/2019\/11\/Screenshot_2019-11-26-Amazon-fr-Commentaires-en-ligne-Comprendre-toute-la-finance-L-essentiel-de-la-finance-d-entreprise-...2-300x57.png\" alt=\"\" width=\"600\" height=\"114\" srcset=\"https:\/\/christophethibierge.com\/CTF\/wp-content\/uploads\/2019\/11\/Screenshot_2019-11-26-Amazon-fr-Commentaires-en-ligne-Comprendre-toute-la-finance-L-essentiel-de-la-finance-d-entreprise-...2-300x57.png 300w, https:\/\/christophethibierge.com\/CTF\/wp-content\/uploads\/2019\/11\/Screenshot_2019-11-26-Amazon-fr-Commentaires-en-ligne-Comprendre-toute-la-finance-L-essentiel-de-la-finance-d-entreprise-...2-768x146.png 768w, https:\/\/christophethibierge.com\/CTF\/wp-content\/uploads\/2019\/11\/Screenshot_2019-11-26-Amazon-fr-Commentaires-en-ligne-Comprendre-toute-la-finance-L-essentiel-de-la-finance-d-entreprise-...2-1024x195.png 1024w, https:\/\/christophethibierge.com\/CTF\/wp-content\/uploads\/2019\/11\/Screenshot_2019-11-26-Amazon-fr-Commentaires-en-ligne-Comprendre-toute-la-finance-L-essentiel-de-la-finance-d-entreprise-...2-250x48.png 250w, https:\/\/christophethibierge.com\/CTF\/wp-content\/uploads\/2019\/11\/Screenshot_2019-11-26-Amazon-fr-Commentaires-en-ligne-Comprendre-toute-la-finance-L-essentiel-de-la-finance-d-entreprise-...2-150x29.png 150w, https:\/\/christophethibierge.com\/CTF\/wp-content\/uploads\/2019\/11\/Screenshot_2019-11-26-Amazon-fr-Commentaires-en-ligne-Comprendre-toute-la-finance-L-essentiel-de-la-finance-d-entreprise-...2.png 1831w\" sizes=\"auto, (max-width: 600px) 100vw, 600px\" \/> <img loading=\"lazy\" decoding=\"async\" class=\"alignleft wp-image-553\" src=\"https:\/\/christophethibierge.com\/CTF\/wp-content\/uploads\/2019\/11\/Screenshot_2019-11-26-Amazon-fr-Commentaires-en-ligne-Comprendre-toute-la-finance-L-essentiel-de-la-finance-d-entreprise-...1-300x69.png\" alt=\"\" width=\"600\" height=\"138\" srcset=\"https:\/\/christophethibierge.com\/CTF\/wp-content\/uploads\/2019\/11\/Screenshot_2019-11-26-Amazon-fr-Commentaires-en-ligne-Comprendre-toute-la-finance-L-essentiel-de-la-finance-d-entreprise-...1-300x69.png 300w, https:\/\/christophethibierge.com\/CTF\/wp-content\/uploads\/2019\/11\/Screenshot_2019-11-26-Amazon-fr-Commentaires-en-ligne-Comprendre-toute-la-finance-L-essentiel-de-la-finance-d-entreprise-...1-768x177.png 768w, https:\/\/christophethibierge.com\/CTF\/wp-content\/uploads\/2019\/11\/Screenshot_2019-11-26-Amazon-fr-Commentaires-en-ligne-Comprendre-toute-la-finance-L-essentiel-de-la-finance-d-entreprise-...1-1024x236.png 1024w, https:\/\/christophethibierge.com\/CTF\/wp-content\/uploads\/2019\/11\/Screenshot_2019-11-26-Amazon-fr-Commentaires-en-ligne-Comprendre-toute-la-finance-L-essentiel-de-la-finance-d-entreprise-...1-250x58.png 250w, https:\/\/christophethibierge.com\/CTF\/wp-content\/uploads\/2019\/11\/Screenshot_2019-11-26-Amazon-fr-Commentaires-en-ligne-Comprendre-toute-la-finance-L-essentiel-de-la-finance-d-entreprise-...1-150x35.png 150w, https:\/\/christophethibierge.com\/CTF\/wp-content\/uploads\/2019\/11\/Screenshot_2019-11-26-Amazon-fr-Commentaires-en-ligne-Comprendre-toute-la-finance-L-essentiel-de-la-finance-d-entreprise-...1.png 1760w\" sizes=\"auto, (max-width: 600px) 100vw, 600px\" \/> <img loading=\"lazy\" decoding=\"async\" class=\"alignleft wp-image-554\" src=\"https:\/\/christophethibierge.com\/CTF\/wp-content\/uploads\/2019\/11\/Screenshot_2019-11-26-Amazon-fr-Commentaires-en-ligne-Comprendre-toute-la-finance-L-essentiel-de-la-finance-d-entreprise-...-300x117.png\" alt=\"\" width=\"597\" height=\"233\" srcset=\"https:\/\/christophethibierge.com\/CTF\/wp-content\/uploads\/2019\/11\/Screenshot_2019-11-26-Amazon-fr-Commentaires-en-ligne-Comprendre-toute-la-finance-L-essentiel-de-la-finance-d-entreprise-...-300x117.png 300w, https:\/\/christophethibierge.com\/CTF\/wp-content\/uploads\/2019\/11\/Screenshot_2019-11-26-Amazon-fr-Commentaires-en-ligne-Comprendre-toute-la-finance-L-essentiel-de-la-finance-d-entreprise-...-768x299.png 768w, https:\/\/christophethibierge.com\/CTF\/wp-content\/uploads\/2019\/11\/Screenshot_2019-11-26-Amazon-fr-Commentaires-en-ligne-Comprendre-toute-la-finance-L-essentiel-de-la-finance-d-entreprise-...-1024x398.png 1024w, https:\/\/christophethibierge.com\/CTF\/wp-content\/uploads\/2019\/11\/Screenshot_2019-11-26-Amazon-fr-Commentaires-en-ligne-Comprendre-toute-la-finance-L-essentiel-de-la-finance-d-entreprise-...-250x97.png 250w, https:\/\/christophethibierge.com\/CTF\/wp-content\/uploads\/2019\/11\/Screenshot_2019-11-26-Amazon-fr-Commentaires-en-ligne-Comprendre-toute-la-finance-L-essentiel-de-la-finance-d-entreprise-...-150x58.png 150w, https:\/\/christophethibierge.com\/CTF\/wp-content\/uploads\/2019\/11\/Screenshot_2019-11-26-Amazon-fr-Commentaires-en-ligne-Comprendre-toute-la-finance-L-essentiel-de-la-finance-d-entreprise-....png 1823w\" sizes=\"auto, (max-width: 597px) 100vw, 597px\" \/><\/p>\n<p><img loading=\"lazy\" decoding=\"async\" class=\"alignleft wp-image-550\" src=\"https:\/\/christophethibierge.com\/CTF\/wp-content\/uploads\/2019\/11\/Comment1-300x96.png\" alt=\"\" width=\"641\" height=\"205\" srcset=\"https:\/\/christophethibierge.com\/CTF\/wp-content\/uploads\/2019\/11\/Comment1-300x96.png 300w, https:\/\/christophethibierge.com\/CTF\/wp-content\/uploads\/2019\/11\/Comment1-768x247.png 768w, https:\/\/christophethibierge.com\/CTF\/wp-content\/uploads\/2019\/11\/Comment1-1024x329.png 1024w, https:\/\/christophethibierge.com\/CTF\/wp-content\/uploads\/2019\/11\/Comment1-250x80.png 250w, https:\/\/christophethibierge.com\/CTF\/wp-content\/uploads\/2019\/11\/Comment1-150x48.png 150w, https:\/\/christophethibierge.com\/CTF\/wp-content\/uploads\/2019\/11\/Comment1.png 1829w\" sizes=\"auto, (max-width: 641px) 100vw, 641px\" \/> <img loading=\"lazy\" decoding=\"async\" class=\"alignleft wp-image-551\" src=\"https:\/\/christophethibierge.com\/CTF\/wp-content\/uploads\/2019\/11\/Comment2-300x81.png\" alt=\"\" width=\"645\" height=\"174\" srcset=\"https:\/\/christophethibierge.com\/CTF\/wp-content\/uploads\/2019\/11\/Comment2-300x81.png 300w, https:\/\/christophethibierge.com\/CTF\/wp-content\/uploads\/2019\/11\/Comment2-768x206.png 768w, https:\/\/christophethibierge.com\/CTF\/wp-content\/uploads\/2019\/11\/Comment2-1024x275.png 1024w, https:\/\/christophethibierge.com\/CTF\/wp-content\/uploads\/2019\/11\/Comment2-250x67.png 250w, https:\/\/christophethibierge.com\/CTF\/wp-content\/uploads\/2019\/11\/Comment2-150x40.png 150w, https:\/\/christophethibierge.com\/CTF\/wp-content\/uploads\/2019\/11\/Comment2.png 1839w\" sizes=\"auto, (max-width: 645px) 100vw, 645px\" \/><\/p>\n<p><a href=\"https:\/\/christophethibierge.com\/CTF\/wp-content\/uploads\/2013\/12\/2013-10-2.png\"><img loading=\"lazy\" decoding=\"async\" class=\"alignleft size-full wp-image-419\" src=\"https:\/\/christophethibierge.com\/CTF\/wp-content\/uploads\/2013\/12\/2013-10-2.png\" alt=\"2013-10-2\" width=\"830\" height=\"116\" srcset=\"https:\/\/christophethibierge.com\/CTF\/wp-content\/uploads\/2013\/12\/2013-10-2.png 830w, https:\/\/christophethibierge.com\/CTF\/wp-content\/uploads\/2013\/12\/2013-10-2-300x41.png 300w, https:\/\/christophethibierge.com\/CTF\/wp-content\/uploads\/2013\/12\/2013-10-2-250x34.png 250w, https:\/\/christophethibierge.com\/CTF\/wp-content\/uploads\/2013\/12\/2013-10-2-150x20.png 150w\" sizes=\"auto, (max-width: 830px) 100vw, 830px\" \/><\/a><\/p>\n<p><a href=\"https:\/\/christophethibierge.com\/CTF\/wp-content\/uploads\/2013\/12\/2013-08.png\"><img loading=\"lazy\" decoding=\"async\" class=\"alignleft size-full wp-image-417\" src=\"https:\/\/christophethibierge.com\/CTF\/wp-content\/uploads\/2013\/12\/2013-08.png\" alt=\"2013-08\" width=\"876\" height=\"135\" srcset=\"https:\/\/christophethibierge.com\/CTF\/wp-content\/uploads\/2013\/12\/2013-08.png 876w, https:\/\/christophethibierge.com\/CTF\/wp-content\/uploads\/2013\/12\/2013-08-300x46.png 300w, https:\/\/christophethibierge.com\/CTF\/wp-content\/uploads\/2013\/12\/2013-08-250x38.png 250w, https:\/\/christophethibierge.com\/CTF\/wp-content\/uploads\/2013\/12\/2013-08-150x23.png 150w\" sizes=\"auto, (max-width: 876px) 100vw, 876px\" \/><\/a><\/p>\n<p><a href=\"https:\/\/christophethibierge.com\/CTF\/wp-content\/uploads\/2013\/12\/2013-01.png\"><img loading=\"lazy\" decoding=\"async\" class=\"alignleft size-full wp-image-416\" src=\"https:\/\/christophethibierge.com\/CTF\/wp-content\/uploads\/2013\/12\/2013-01.png\" alt=\"2013-01\" width=\"729\" height=\"126\" srcset=\"https:\/\/christophethibierge.com\/CTF\/wp-content\/uploads\/2013\/12\/2013-01.png 729w, https:\/\/christophethibierge.com\/CTF\/wp-content\/uploads\/2013\/12\/2013-01-300x51.png 300w, https:\/\/christophethibierge.com\/CTF\/wp-content\/uploads\/2013\/12\/2013-01-250x43.png 250w, https:\/\/christophethibierge.com\/CTF\/wp-content\/uploads\/2013\/12\/2013-01-150x25.png 150w\" sizes=\"auto, (max-width: 729px) 100vw, 729px\" \/><\/a><\/p>\n<p><a href=\"https:\/\/christophethibierge.com\/CTF\/wp-content\/uploads\/2013\/12\/2012-11.png\"><img loading=\"lazy\" decoding=\"async\" class=\"alignleft size-full wp-image-414\" src=\"https:\/\/christophethibierge.com\/CTF\/wp-content\/uploads\/2013\/12\/2012-11.png\" alt=\"2012-11\" width=\"900\" height=\"198\" srcset=\"https:\/\/christophethibierge.com\/CTF\/wp-content\/uploads\/2013\/12\/2012-11.png 900w, https:\/\/christophethibierge.com\/CTF\/wp-content\/uploads\/2013\/12\/2012-11-300x66.png 300w, https:\/\/christophethibierge.com\/CTF\/wp-content\/uploads\/2013\/12\/2012-11-250x55.png 250w, https:\/\/christophethibierge.com\/CTF\/wp-content\/uploads\/2013\/12\/2012-11-150x33.png 150w\" sizes=\"auto, (max-width: 900px) 100vw, 900px\" \/><\/a><\/p>\n<p><a href=\"https:\/\/christophethibierge.com\/CTF\/wp-content\/uploads\/2013\/12\/2012-11-2.png\"><img loading=\"lazy\" decoding=\"async\" class=\"alignleft size-full wp-image-415\" src=\"https:\/\/christophethibierge.com\/CTF\/wp-content\/uploads\/2013\/12\/2012-11-2.png\" alt=\"2012-11-2\" width=\"902\" height=\"199\" srcset=\"https:\/\/christophethibierge.com\/CTF\/wp-content\/uploads\/2013\/12\/2012-11-2.png 902w, https:\/\/christophethibierge.com\/CTF\/wp-content\/uploads\/2013\/12\/2012-11-2-300x66.png 300w, https:\/\/christophethibierge.com\/CTF\/wp-content\/uploads\/2013\/12\/2012-11-2-250x55.png 250w, https:\/\/christophethibierge.com\/CTF\/wp-content\/uploads\/2013\/12\/2012-11-2-150x33.png 150w\" sizes=\"auto, (max-width: 902px) 100vw, 902px\" \/><\/a><\/p>\n<p><a href=\"https:\/\/christophethibierge.com\/CTF\/wp-content\/uploads\/2013\/12\/2012-09.png\"><img loading=\"lazy\" decoding=\"async\" src=\"https:\/\/christophethibierge.com\/CTF\/wp-content\/uploads\/2013\/12\/2012-09.png\" alt=\"2012-09\" width=\"897\" height=\"162\" \/><\/a><\/p>\n<p><a href=\"https:\/\/christophethibierge.com\/CTF\/wp-content\/uploads\/2013\/12\/2012-08.png\"><img loading=\"lazy\" decoding=\"async\" class=\"alignleft size-full wp-image-412\" src=\"https:\/\/christophethibierge.com\/CTF\/wp-content\/uploads\/2013\/12\/2012-08.png\" alt=\"2012-08\" width=\"883\" height=\"131\" srcset=\"https:\/\/christophethibierge.com\/CTF\/wp-content\/uploads\/2013\/12\/2012-08.png 883w, https:\/\/christophethibierge.com\/CTF\/wp-content\/uploads\/2013\/12\/2012-08-300x44.png 300w, https:\/\/christophethibierge.com\/CTF\/wp-content\/uploads\/2013\/12\/2012-08-250x37.png 250w, https:\/\/christophethibierge.com\/CTF\/wp-content\/uploads\/2013\/12\/2012-08-150x22.png 150w\" sizes=\"auto, (max-width: 883px) 100vw, 883px\" \/><\/a><\/p>\n<p><a href=\"https:\/\/christophethibierge.com\/CTF\/wp-content\/uploads\/2013\/12\/2012-07.png\"><img loading=\"lazy\" decoding=\"async\" class=\"alignleft size-full wp-image-411\" src=\"https:\/\/christophethibierge.com\/CTF\/wp-content\/uploads\/2013\/12\/2012-07.png\" alt=\"2012-07\" width=\"908\" height=\"248\" srcset=\"https:\/\/christophethibierge.com\/CTF\/wp-content\/uploads\/2013\/12\/2012-07.png 908w, https:\/\/christophethibierge.com\/CTF\/wp-content\/uploads\/2013\/12\/2012-07-300x81.png 300w, https:\/\/christophethibierge.com\/CTF\/wp-content\/uploads\/2013\/12\/2012-07-250x68.png 250w, https:\/\/christophethibierge.com\/CTF\/wp-content\/uploads\/2013\/12\/2012-07-150x40.png 150w\" sizes=\"auto, (max-width: 908px) 100vw, 908px\" \/><\/a><\/p>\n<p><a href=\"https:\/\/christophethibierge.com\/CTF\/wp-content\/uploads\/2013\/12\/2012-06.png\"><img loading=\"lazy\" decoding=\"async\" class=\"alignleft size-full wp-image-410\" src=\"https:\/\/christophethibierge.com\/CTF\/wp-content\/uploads\/2013\/12\/2012-06.png\" alt=\"2012-06\" width=\"919\" height=\"195\" srcset=\"https:\/\/christophethibierge.com\/CTF\/wp-content\/uploads\/2013\/12\/2012-06.png 919w, https:\/\/christophethibierge.com\/CTF\/wp-content\/uploads\/2013\/12\/2012-06-300x63.png 300w, https:\/\/christophethibierge.com\/CTF\/wp-content\/uploads\/2013\/12\/2012-06-250x53.png 250w, https:\/\/christophethibierge.com\/CTF\/wp-content\/uploads\/2013\/12\/2012-06-150x31.png 150w\" sizes=\"auto, (max-width: 919px) 100vw, 919px\" \/><\/a><\/p>\n<p><a href=\"https:\/\/christophethibierge.com\/CTF\/wp-content\/uploads\/2013\/12\/2012-05.png\"><img loading=\"lazy\" decoding=\"async\" class=\"alignleft size-full wp-image-409\" src=\"https:\/\/christophethibierge.com\/CTF\/wp-content\/uploads\/2013\/12\/2012-05.png\" alt=\"2012-05\" width=\"880\" height=\"127\" srcset=\"https:\/\/christophethibierge.com\/CTF\/wp-content\/uploads\/2013\/12\/2012-05.png 880w, https:\/\/christophethibierge.com\/CTF\/wp-content\/uploads\/2013\/12\/2012-05-300x43.png 300w, https:\/\/christophethibierge.com\/CTF\/wp-content\/uploads\/2013\/12\/2012-05-250x36.png 250w, https:\/\/christophethibierge.com\/CTF\/wp-content\/uploads\/2013\/12\/2012-05-150x21.png 150w\" sizes=\"auto, (max-width: 880px) 100vw, 880px\" \/><\/a><\/p>\n<p><a href=\"https:\/\/christophethibierge.com\/CTF\/wp-content\/uploads\/2013\/12\/2012-04.png\"><img loading=\"lazy\" decoding=\"async\" class=\"alignleft size-full wp-image-408\" src=\"https:\/\/christophethibierge.com\/CTF\/wp-content\/uploads\/2013\/12\/2012-04.png\" alt=\"2012-04\" width=\"909\" height=\"282\" srcset=\"https:\/\/christophethibierge.com\/CTF\/wp-content\/uploads\/2013\/12\/2012-04.png 909w, https:\/\/christophethibierge.com\/CTF\/wp-content\/uploads\/2013\/12\/2012-04-300x93.png 300w, https:\/\/christophethibierge.com\/CTF\/wp-content\/uploads\/2013\/12\/2012-04-250x77.png 250w, https:\/\/christophethibierge.com\/CTF\/wp-content\/uploads\/2013\/12\/2012-04-150x46.png 150w\" sizes=\"auto, (max-width: 909px) 100vw, 909px\" \/><\/a><\/p>\n<p><a href=\"https:\/\/christophethibierge.com\/CTF\/wp-content\/uploads\/2013\/12\/2012-03-01.png\"><img loading=\"lazy\" decoding=\"async\" class=\"alignleft size-full wp-image-406\" src=\"https:\/\/christophethibierge.com\/CTF\/wp-content\/uploads\/2013\/12\/2012-03-01.png\" alt=\"2012-03-01\" width=\"898\" height=\"471\" srcset=\"https:\/\/christophethibierge.com\/CTF\/wp-content\/uploads\/2013\/12\/2012-03-01.png 898w, https:\/\/christophethibierge.com\/CTF\/wp-content\/uploads\/2013\/12\/2012-03-01-300x157.png 300w, https:\/\/christophethibierge.com\/CTF\/wp-content\/uploads\/2013\/12\/2012-03-01-250x131.png 250w, https:\/\/christophethibierge.com\/CTF\/wp-content\/uploads\/2013\/12\/2012-03-01-150x78.png 150w\" sizes=\"auto, (max-width: 898px) 100vw, 898px\" \/><\/a><\/p>\n<p><a href=\"https:\/\/christophethibierge.com\/CTF\/wp-content\/uploads\/2013\/12\/2012-03-02.png\"><img loading=\"lazy\" decoding=\"async\" src=\"https:\/\/christophethibierge.com\/CTF\/wp-content\/uploads\/2013\/12\/2012-03-02.png\" alt=\"2012-03-02\" width=\"870\" height=\"400\" \/><\/a><\/p>\n<p><a href=\"https:\/\/christophethibierge.com\/CTF\/wp-content\/uploads\/2013\/12\/2012-02.png\"><img loading=\"lazy\" decoding=\"async\" src=\"https:\/\/christophethibierge.com\/CTF\/wp-content\/uploads\/2013\/12\/2012-02.png\" alt=\"2012-02\" width=\"891\" height=\"119\" \/><\/a><\/p>\n<p>Et sur le site de la <strong>Fnac<\/strong> :<\/p>\n<p><img loading=\"lazy\" decoding=\"async\" class=\"alignleft  wp-image-563\" src=\"https:\/\/christophethibierge.com\/CTF\/wp-content\/uploads\/2019\/11\/Screenshot_2019-11-26-7-avis-sur-Comprendre-toute-la-finance-broch\u00e9-fnac-300x45.png\" alt=\"\" width=\"640\" height=\"96\" srcset=\"https:\/\/christophethibierge.com\/CTF\/wp-content\/uploads\/2019\/11\/Screenshot_2019-11-26-7-avis-sur-Comprendre-toute-la-finance-broch\u00e9-fnac-300x45.png 300w, https:\/\/christophethibierge.com\/CTF\/wp-content\/uploads\/2019\/11\/Screenshot_2019-11-26-7-avis-sur-Comprendre-toute-la-finance-broch\u00e9-fnac-768x116.png 768w, https:\/\/christophethibierge.com\/CTF\/wp-content\/uploads\/2019\/11\/Screenshot_2019-11-26-7-avis-sur-Comprendre-toute-la-finance-broch\u00e9-fnac-1024x155.png 1024w, https:\/\/christophethibierge.com\/CTF\/wp-content\/uploads\/2019\/11\/Screenshot_2019-11-26-7-avis-sur-Comprendre-toute-la-finance-broch\u00e9-fnac-250x38.png 250w, https:\/\/christophethibierge.com\/CTF\/wp-content\/uploads\/2019\/11\/Screenshot_2019-11-26-7-avis-sur-Comprendre-toute-la-finance-broch\u00e9-fnac-150x23.png 150w\" sizes=\"auto, (max-width: 640px) 100vw, 640px\" \/><\/p>\n<p><img loading=\"lazy\" decoding=\"async\" class=\"alignleft  wp-image-562\" src=\"https:\/\/christophethibierge.com\/CTF\/wp-content\/uploads\/2019\/11\/Screenshot_2019-11-26-7-avis-sur-Comprendre-toute-la-finance-broch\u00e9-fnac1-300x50.png\" alt=\"\" width=\"648\" height=\"108\" srcset=\"https:\/\/christophethibierge.com\/CTF\/wp-content\/uploads\/2019\/11\/Screenshot_2019-11-26-7-avis-sur-Comprendre-toute-la-finance-broch\u00e9-fnac1-300x50.png 300w, https:\/\/christophethibierge.com\/CTF\/wp-content\/uploads\/2019\/11\/Screenshot_2019-11-26-7-avis-sur-Comprendre-toute-la-finance-broch\u00e9-fnac1-768x129.png 768w, https:\/\/christophethibierge.com\/CTF\/wp-content\/uploads\/2019\/11\/Screenshot_2019-11-26-7-avis-sur-Comprendre-toute-la-finance-broch\u00e9-fnac1-1024x172.png 1024w, https:\/\/christophethibierge.com\/CTF\/wp-content\/uploads\/2019\/11\/Screenshot_2019-11-26-7-avis-sur-Comprendre-toute-la-finance-broch\u00e9-fnac1-250x42.png 250w, https:\/\/christophethibierge.com\/CTF\/wp-content\/uploads\/2019\/11\/Screenshot_2019-11-26-7-avis-sur-Comprendre-toute-la-finance-broch\u00e9-fnac1-150x25.png 150w\" sizes=\"auto, (max-width: 648px) 100vw, 648px\" \/><\/p>\n<p><img loading=\"lazy\" decoding=\"async\" class=\"alignleft  wp-image-560\" src=\"https:\/\/christophethibierge.com\/CTF\/wp-content\/uploads\/2019\/11\/Screenshot_2019-11-26-7-avis-sur-Comprendre-toute-la-finance-broch\u00e9-fnac3-300x68.png\" alt=\"\" width=\"494\" height=\"112\" srcset=\"https:\/\/christophethibierge.com\/CTF\/wp-content\/uploads\/2019\/11\/Screenshot_2019-11-26-7-avis-sur-Comprendre-toute-la-finance-broch\u00e9-fnac3-300x68.png 300w, https:\/\/christophethibierge.com\/CTF\/wp-content\/uploads\/2019\/11\/Screenshot_2019-11-26-7-avis-sur-Comprendre-toute-la-finance-broch\u00e9-fnac3-768x174.png 768w, https:\/\/christophethibierge.com\/CTF\/wp-content\/uploads\/2019\/11\/Screenshot_2019-11-26-7-avis-sur-Comprendre-toute-la-finance-broch\u00e9-fnac3-1024x232.png 1024w, https:\/\/christophethibierge.com\/CTF\/wp-content\/uploads\/2019\/11\/Screenshot_2019-11-26-7-avis-sur-Comprendre-toute-la-finance-broch\u00e9-fnac3-250x57.png 250w, https:\/\/christophethibierge.com\/CTF\/wp-content\/uploads\/2019\/11\/Screenshot_2019-11-26-7-avis-sur-Comprendre-toute-la-finance-broch\u00e9-fnac3-150x34.png 150w, https:\/\/christophethibierge.com\/CTF\/wp-content\/uploads\/2019\/11\/Screenshot_2019-11-26-7-avis-sur-Comprendre-toute-la-finance-broch\u00e9-fnac3.png 1393w\" sizes=\"auto, (max-width: 494px) 100vw, 494px\" \/> <img loading=\"lazy\" decoding=\"async\" class=\"wp-image-561 alignleft\" src=\"https:\/\/christophethibierge.com\/CTF\/wp-content\/uploads\/2019\/11\/Screenshot_2019-11-26-7-avis-sur-Comprendre-toute-la-finance-broch\u00e9-fnac2-300x76.png\" alt=\"\" width=\"407\" height=\"103\" srcset=\"https:\/\/christophethibierge.com\/CTF\/wp-content\/uploads\/2019\/11\/Screenshot_2019-11-26-7-avis-sur-Comprendre-toute-la-finance-broch\u00e9-fnac2-300x76.png 300w, https:\/\/christophethibierge.com\/CTF\/wp-content\/uploads\/2019\/11\/Screenshot_2019-11-26-7-avis-sur-Comprendre-toute-la-finance-broch\u00e9-fnac2-768x195.png 768w, https:\/\/christophethibierge.com\/CTF\/wp-content\/uploads\/2019\/11\/Screenshot_2019-11-26-7-avis-sur-Comprendre-toute-la-finance-broch\u00e9-fnac2-1024x260.png 1024w, https:\/\/christophethibierge.com\/CTF\/wp-content\/uploads\/2019\/11\/Screenshot_2019-11-26-7-avis-sur-Comprendre-toute-la-finance-broch\u00e9-fnac2-250x63.png 250w, https:\/\/christophethibierge.com\/CTF\/wp-content\/uploads\/2019\/11\/Screenshot_2019-11-26-7-avis-sur-Comprendre-toute-la-finance-broch\u00e9-fnac2-150x38.png 150w, https:\/\/christophethibierge.com\/CTF\/wp-content\/uploads\/2019\/11\/Screenshot_2019-11-26-7-avis-sur-Comprendre-toute-la-finance-broch\u00e9-fnac2.png 1314w\" sizes=\"auto, (max-width: 407px) 100vw, 407px\" \/><\/p>\n<p><img loading=\"lazy\" decoding=\"async\" class=\"alignleft  wp-image-558\" src=\"https:\/\/christophethibierge.com\/CTF\/wp-content\/uploads\/2019\/11\/Screenshot_2019-11-26-7-avis-sur-Comprendre-toute-la-finance-broch\u00e9-fnac5-300x51.png\" alt=\"\" width=\"647\" height=\"110\" srcset=\"https:\/\/christophethibierge.com\/CTF\/wp-content\/uploads\/2019\/11\/Screenshot_2019-11-26-7-avis-sur-Comprendre-toute-la-finance-broch\u00e9-fnac5-300x51.png 300w, https:\/\/christophethibierge.com\/CTF\/wp-content\/uploads\/2019\/11\/Screenshot_2019-11-26-7-avis-sur-Comprendre-toute-la-finance-broch\u00e9-fnac5-768x131.png 768w, https:\/\/christophethibierge.com\/CTF\/wp-content\/uploads\/2019\/11\/Screenshot_2019-11-26-7-avis-sur-Comprendre-toute-la-finance-broch\u00e9-fnac5-1024x175.png 1024w, https:\/\/christophethibierge.com\/CTF\/wp-content\/uploads\/2019\/11\/Screenshot_2019-11-26-7-avis-sur-Comprendre-toute-la-finance-broch\u00e9-fnac5-250x43.png 250w, https:\/\/christophethibierge.com\/CTF\/wp-content\/uploads\/2019\/11\/Screenshot_2019-11-26-7-avis-sur-Comprendre-toute-la-finance-broch\u00e9-fnac5-150x26.png 150w\" sizes=\"auto, (max-width: 647px) 100vw, 647px\" \/> <img loading=\"lazy\" decoding=\"async\" class=\"alignleft  wp-image-559\" src=\"https:\/\/christophethibierge.com\/CTF\/wp-content\/uploads\/2019\/11\/Screenshot_2019-11-26-7-avis-sur-Comprendre-toute-la-finance-broch\u00e9-fnac4-300x53.png\" alt=\"\" width=\"640\" height=\"113\" srcset=\"https:\/\/christophethibierge.com\/CTF\/wp-content\/uploads\/2019\/11\/Screenshot_2019-11-26-7-avis-sur-Comprendre-toute-la-finance-broch\u00e9-fnac4-300x53.png 300w, https:\/\/christophethibierge.com\/CTF\/wp-content\/uploads\/2019\/11\/Screenshot_2019-11-26-7-avis-sur-Comprendre-toute-la-finance-broch\u00e9-fnac4-768x136.png 768w, https:\/\/christophethibierge.com\/CTF\/wp-content\/uploads\/2019\/11\/Screenshot_2019-11-26-7-avis-sur-Comprendre-toute-la-finance-broch\u00e9-fnac4-1024x182.png 1024w, https:\/\/christophethibierge.com\/CTF\/wp-content\/uploads\/2019\/11\/Screenshot_2019-11-26-7-avis-sur-Comprendre-toute-la-finance-broch\u00e9-fnac4-250x44.png 250w, https:\/\/christophethibierge.com\/CTF\/wp-content\/uploads\/2019\/11\/Screenshot_2019-11-26-7-avis-sur-Comprendre-toute-la-finance-broch\u00e9-fnac4-150x27.png 150w\" sizes=\"auto, (max-width: 640px) 100vw, 640px\" \/><\/p>\n<p><img loading=\"lazy\" decoding=\"async\" class=\"alignleft  wp-image-557\" src=\"https:\/\/christophethibierge.com\/CTF\/wp-content\/uploads\/2019\/11\/Screenshot_2019-11-26-7-avis-sur-Comprendre-toute-la-finance-broch\u00e9-fnac6-300x59.png\" alt=\"\" width=\"625\" height=\"123\" srcset=\"https:\/\/christophethibierge.com\/CTF\/wp-content\/uploads\/2019\/11\/Screenshot_2019-11-26-7-avis-sur-Comprendre-toute-la-finance-broch\u00e9-fnac6-300x59.png 300w, https:\/\/christophethibierge.com\/CTF\/wp-content\/uploads\/2019\/11\/Screenshot_2019-11-26-7-avis-sur-Comprendre-toute-la-finance-broch\u00e9-fnac6-768x151.png 768w, https:\/\/christophethibierge.com\/CTF\/wp-content\/uploads\/2019\/11\/Screenshot_2019-11-26-7-avis-sur-Comprendre-toute-la-finance-broch\u00e9-fnac6-1024x202.png 1024w, https:\/\/christophethibierge.com\/CTF\/wp-content\/uploads\/2019\/11\/Screenshot_2019-11-26-7-avis-sur-Comprendre-toute-la-finance-broch\u00e9-fnac6-250x49.png 250w, https:\/\/christophethibierge.com\/CTF\/wp-content\/uploads\/2019\/11\/Screenshot_2019-11-26-7-avis-sur-Comprendre-toute-la-finance-broch\u00e9-fnac6-150x30.png 150w\" sizes=\"auto, (max-width: 625px) 100vw, 625px\" \/><\/p>\n","protected":false},"excerpt":{"rendered":"<p>Nous en sommes \u00e0 la 4\u00e8me \u00e9dition, et les commentaires sont toujours aussi gentils, merci \u00e0 vous \ud83d\ude42 Pour \u00e9viter que ceux-ci ne se perdent, voici la copie de ces commentaires class\u00e9s par site : Sur Amazon Et sur le &hellip; <a href=\"https:\/\/christophethibierge.com\/CTF\/commentaires-des-lecteurs\/\">Continuer la lecture <span class=\"meta-nav\">&rarr;<\/span><\/a><\/p>\n","protected":false},"author":1,"featured_media":0,"parent":0,"menu_order":0,"comment_status":"open","ping_status":"open","template":"","meta":{"footnotes":""},"class_list":["post-404","page","type-page","status-publish","hentry"],"_links":{"self":[{"href":"https:\/\/christophethibierge.com\/CTF\/wp-json\/wp\/v2\/pages\/404","targetHints":{"allow":["GET"]}}],"collection":[{"href":"https:\/\/christophethibierge.com\/CTF\/wp-json\/wp\/v2\/pages"}],"about":[{"href":"https:\/\/christophethibierge.com\/CTF\/wp-json\/wp\/v2\/types\/page"}],"author":[{"embeddable":true,"href":"https:\/\/christophethibierge.com\/CTF\/wp-json\/wp\/v2\/users\/1"}],"replies":[{"embeddable":true,"href":"https:\/\/christophethibierge.com\/CTF\/wp-json\/wp\/v2\/comments?post=404"}],"version-history":[{"count":6,"href":"https:\/\/christophethibierge.com\/CTF\/wp-json\/wp\/v2\/pages\/404\/revisions"}],"predecessor-version":[{"id":564,"href":"https:\/\/christophethibierge.com\/CTF\/wp-json\/wp\/v2\/pages\/404\/revisions\/564"}],"wp:attachment":[{"href":"https:\/\/christophethibierge.com\/CTF\/wp-json\/wp\/v2\/media?parent=404"}],"curies":[{"name":"wp","href":"https:\/\/api.w.org\/{rel}","templated":true}]}}