{"id":207,"date":"2012-06-19T18:11:22","date_gmt":"2012-06-19T17:11:22","guid":{"rendered":"https:\/\/christophethibierge.com\/CTF\/?page_id=207"},"modified":"2025-03-30T16:38:07","modified_gmt":"2025-03-30T15:38:07","slug":"achat-en-ligne","status":"publish","type":"page","link":"https:\/\/christophethibierge.com\/CTF\/achat-en-ligne\/","title":{"rendered":"Achat en ligne"},"content":{"rendered":"\n<p>Le livre est en vente en ligne, mais &#8211; succ\u00e8s oblige &#8211; certains sites peuvent \u00eatre en rupture de stock. Par ordre alphab\u00e9tique :<\/p>\n\n\n\n<figure class=\"wp-block-image\"><a href=\"https:\/\/bit.ly\/CTF5Ed\"><img loading=\"lazy\" decoding=\"async\" width=\"150\" height=\"150\" src=\"https:\/\/christophethibierge.com\/CTF\/wp-content\/uploads\/2012\/06\/amazon-logo-150x150.jpg\" alt=\"\" class=\"wp-image-208\" title=\"amazon-logo\" srcset=\"https:\/\/christophethibierge.com\/CTF\/wp-content\/uploads\/2012\/06\/amazon-logo-150x150.jpg 150w, https:\/\/christophethibierge.com\/CTF\/wp-content\/uploads\/2012\/06\/amazon-logo.jpg 240w\" sizes=\"auto, (max-width: 150px) 100vw, 150px\" \/><\/a><\/figure>\n\n\n\n<figure class=\"wp-block-image\"><a href=\"https:\/\/www.fnac.com\/a9381117\/Christophe-Thibierge-Comprendre-toute-la-finance\"><img loading=\"lazy\" decoding=\"async\" width=\"150\" height=\"150\" src=\"https:\/\/christophethibierge.com\/CTF\/wp-content\/uploads\/2012\/06\/fnac-150x150.jpg\" alt=\"\" class=\"wp-image-209\" title=\"fnac\"\/><\/a><\/figure>\n\n\n\n<figure class=\"wp-block-image\"><a href=\"https:\/\/www.vuibert.fr\/livre\/9782311413502-comprendre-toute-la-finance\"><img loading=\"lazy\" decoding=\"async\" width=\"150\" height=\"150\" src=\"https:\/\/christophethibierge.com\/CTF\/wp-content\/uploads\/2012\/06\/vuibert-150x150.jpg\" alt=\"\" class=\"wp-image-210\" title=\"vuibert\"\/><\/a><\/figure>\n\n\n\n<p><\/p>\n\n\n\n<p>&nbsp;<\/p>\n","protected":false},"excerpt":{"rendered":"<p>Le livre est en vente en ligne, mais &#8211; succ\u00e8s oblige &#8211; certains sites peuvent \u00eatre en rupture de stock. Par ordre alphab\u00e9tique : &nbsp;<\/p>\n","protected":false},"author":1,"featured_media":0,"parent":0,"menu_order":1,"comment_status":"open","ping_status":"closed","template":"","meta":{"footnotes":""},"class_list":["post-207","page","type-page","status-publish","hentry"],"_links":{"self":[{"href":"https:\/\/christophethibierge.com\/CTF\/wp-json\/wp\/v2\/pages\/207","targetHints":{"allow":["GET"]}}],"collection":[{"href":"https:\/\/christophethibierge.com\/CTF\/wp-json\/wp\/v2\/pages"}],"about":[{"href":"https:\/\/christophethibierge.com\/CTF\/wp-json\/wp\/v2\/types\/page"}],"author":[{"embeddable":true,"href":"https:\/\/christophethibierge.com\/CTF\/wp-json\/wp\/v2\/users\/1"}],"replies":[{"embeddable":true,"href":"https:\/\/christophethibierge.com\/CTF\/wp-json\/wp\/v2\/comments?post=207"}],"version-history":[{"count":10,"href":"https:\/\/christophethibierge.com\/CTF\/wp-json\/wp\/v2\/pages\/207\/revisions"}],"predecessor-version":[{"id":650,"href":"https:\/\/christophethibierge.com\/CTF\/wp-json\/wp\/v2\/pages\/207\/revisions\/650"}],"wp:attachment":[{"href":"https:\/\/christophethibierge.com\/CTF\/wp-json\/wp\/v2\/media?parent=207"}],"curies":[{"name":"wp","href":"https:\/\/api.w.org\/{rel}","templated":true}]}}