{"id":202,"date":"2012-06-15T09:41:56","date_gmt":"2012-06-15T08:41:56","guid":{"rendered":"https:\/\/christophethibierge.com\/CTF\/?page_id=202"},"modified":"2024-02-03T15:22:39","modified_gmt":"2024-02-03T14:22:39","slug":"le-livre","status":"publish","type":"page","link":"https:\/\/christophethibierge.com\/CTF\/le-livre\/","title":{"rendered":"Le livre"},"content":{"rendered":"<div class=\"wp-block-image\">\n<figure class=\"alignleft\"><a href=\"https:\/\/christophethibierge.com\/CTF\/wp-content\/uploads\/2016\/03\/CTF3Ed.jpg\"><img loading=\"lazy\" decoding=\"async\" width=\"198\" height=\"300\" src=\"https:\/\/christophethibierge.com\/CTF\/wp-content\/uploads\/2016\/03\/CTF3Ed-198x300.jpg\" alt=\"CTF3Ed\" class=\"wp-image-505\" srcset=\"https:\/\/christophethibierge.com\/CTF\/wp-content\/uploads\/2016\/03\/CTF3Ed-198x300.jpg 198w, https:\/\/christophethibierge.com\/CTF\/wp-content\/uploads\/2016\/03\/CTF3Ed-99x150.jpg 99w, https:\/\/christophethibierge.com\/CTF\/wp-content\/uploads\/2016\/03\/CTF3Ed.jpg 329w\" sizes=\"auto, (max-width: 198px) 100vw, 198px\" \/><\/a><\/figure>\n<\/div>\n\n\n<p><em>\u00ab\u00a0Ce livre explique la finance d&rsquo;entreprise de fa\u00e7on tr\u00e8s p\u00e9dagogue et est d\u00e9di\u00e9 autant aux \u00e9tudiants qu&rsquo;aux financiers confirm\u00e9s. Pour ma part, il m&rsquo;a servi d&rsquo;excellent support pour me rem\u00e9morer beaucoup de sujets 10 ans apr\u00e8s la fin de mes \u00e9tudes.<br>\nUn livre vraiment rafra\u00eechissant au milieu de beaucoup de gros pav\u00e9s imbitables.\u00a0\u00bb<\/em><\/p>\n\n\n\n<h5 class=\"wp-block-heading\"><em>(<a href=\"http:\/\/goo.gl\/iUIYb\">commentaire sur Amazon<\/a>). Pour commenter l&rsquo;\u00e9dition en cours, <a href=\"https:\/\/www.amazon.fr\/review\/create-review\/?ie=UTF8&amp;channel=glance-detail&amp;asin=231140699X\">c&rsquo;est ici<\/a>.<\/em><\/h5>\n\n\n\n<p>Enfin une approche d\u00e9complex\u00e9e de la finance&#8230; Issu de 30 ann\u00e9es de p\u00e9dagogie de Christophe Thibierge (professeur de finance \u00e0 ESCP Business School, <a href=\"http:\/\/www.thibierge.net\">site thibierge.net ici<\/a>), cet ouvrage vise \u00e0 <strong>apprendre la gestion financi\u00e8re en d\u00e9contraction, tout en restant rigoureux<\/strong>.<\/p>\n\n\n\n<p>Tous les th\u00e8mes de la finance d&rsquo;entreprise sont abord\u00e9s : analyse financi\u00e8re, calculs sur les taux d&rsquo;int\u00e9r\u00eats, choix d&rsquo;investissement et politique de financement, \u00e9valuation d&rsquo;entreprises, gestion de tr\u00e9sorerie, gestion de portefeuille et march\u00e9s boursiers.<\/p>\n\n\n\n<p>Le texte est \u00e9maill\u00e9 de calculs, de dialogues et d&rsquo;encadr\u00e9s expliquant le jargon, et chaque chapitre se cl\u00f4ture par un r\u00e9sum\u00e9 en alexandrins. Comprendre toute la finance n&rsquo;aura jamais \u00e9t\u00e9 aussi agr\u00e9able&#8230;<\/p>\n\n\n\n<p>La <strong><a href=\"http:\/\/goo.gl\/Irxfim\">2\u00e8me \u00e9dition<\/a><\/strong> a corrig\u00e9 de menues typographies et ajout\u00e9 quelques paragraphes\u00a0et notes de bas de page (on notera l&rsquo;arriv\u00e9e des Vulcains et des Romuliens dans le bestiaire de l&rsquo;ouvrage, dans une nouvelle partie sur les limites de la VAN), tout en restant fid\u00e8le \u00e0 l&rsquo;esprit synth\u00e9tique de cet ouvrage \u2013 bient\u00f4t traduit en Klingon.<\/p>\n\n\n\n<p>La <strong><a href=\"https:\/\/christophethibierge.com\/CTF\/achat-en-ligne\/\">3\u00e8me \u00e9dition<\/a><\/strong> a ajout\u00e9 une annexe sur \u00ab\u00a0Comment b\u00e2tir un pr\u00e9visionnel, par exemple un plan d&rsquo;affaire (business plan) pour une cr\u00e9ation d&rsquo;entreprise\u00a0\u00bb.<\/p>\n\n\n\n<p>La <a href=\"https:\/\/amzn.to\/2LywbqK\"><strong>4\u00e8me \u00e9dition<\/strong><\/a> (pour des ventes cumul\u00e9es d\u00e9passant les 25 000 exemplaires) a inclus des exercices de fin de chapitre \u2013 les corrig\u00e9s sont accessibles sur demande, suivez les instructions dans le menu <a href=\"https:\/\/christophethibierge.com\/CTF\/questions-reponses\/\">Questions r\u00e9ponses et Corrig\u00e9s<\/a>.<\/p>\n\n\n\n<p>La <strong><a href=\"https:\/\/bit.ly\/CTF5Ed\">5\u00e8me \u00e9dition<\/a><\/strong> (date de sortie : 13 mars 2024) contient 336 pages mises \u00e0 jour, notamment sur les risques climatiques et les enjeux autour des domaines ESG (environnement, social, gouvernance).<\/p>\n","protected":false},"excerpt":{"rendered":"<p>\u00ab\u00a0Ce livre explique la finance d&rsquo;entreprise de fa\u00e7on tr\u00e8s p\u00e9dagogue et est d\u00e9di\u00e9 autant aux \u00e9tudiants qu&rsquo;aux financiers confirm\u00e9s. Pour ma part, il m&rsquo;a servi d&rsquo;excellent support pour me rem\u00e9morer beaucoup de sujets 10 ans apr\u00e8s la fin de mes &hellip; <a href=\"https:\/\/christophethibierge.com\/CTF\/le-livre\/\">Continuer la lecture <span class=\"meta-nav\">&rarr;<\/span><\/a><\/p>\n","protected":false},"author":1,"featured_media":0,"parent":0,"menu_order":2,"comment_status":"open","ping_status":"closed","template":"","meta":{"footnotes":""},"class_list":["post-202","page","type-page","status-publish","hentry"],"_links":{"self":[{"href":"https:\/\/christophethibierge.com\/CTF\/wp-json\/wp\/v2\/pages\/202","targetHints":{"allow":["GET"]}}],"collection":[{"href":"https:\/\/christophethibierge.com\/CTF\/wp-json\/wp\/v2\/pages"}],"about":[{"href":"https:\/\/christophethibierge.com\/CTF\/wp-json\/wp\/v2\/types\/page"}],"author":[{"embeddable":true,"href":"https:\/\/christophethibierge.com\/CTF\/wp-json\/wp\/v2\/users\/1"}],"replies":[{"embeddable":true,"href":"https:\/\/christophethibierge.com\/CTF\/wp-json\/wp\/v2\/comments?post=202"}],"version-history":[{"count":8,"href":"https:\/\/christophethibierge.com\/CTF\/wp-json\/wp\/v2\/pages\/202\/revisions"}],"predecessor-version":[{"id":636,"href":"https:\/\/christophethibierge.com\/CTF\/wp-json\/wp\/v2\/pages\/202\/revisions\/636"}],"wp:attachment":[{"href":"https:\/\/christophethibierge.com\/CTF\/wp-json\/wp\/v2\/media?parent=202"}],"curies":[{"name":"wp","href":"https:\/\/api.w.org\/{rel}","templated":true}]}}