{"id":18,"date":"2012-01-16T12:41:27","date_gmt":"2012-01-16T11:41:27","guid":{"rendered":"https:\/\/christophethibierge.com\/CTF\/?page_id=18"},"modified":"2024-10-04T17:15:55","modified_gmt":"2024-10-04T16:15:55","slug":"ressources","status":"publish","type":"page","link":"https:\/\/christophethibierge.com\/CTF\/ressources\/","title":{"rendered":"Ressources"},"content":{"rendered":"\n<p>Dans cette page se trouvent des ressources additionnelles au livre, class\u00e9es par Chapitre.<\/p>\n\n\n\n<ul class=\"wp-block-list\">\n<li><strong>Chapitre 1 &#8211; Analyse financi\u00e8re<\/strong>\n<ul class=\"wp-block-list\">\n<li>Droides (<a href=\"https:\/\/christophethibierge.com\/CTF\/wp-content\/uploads\/2012\/10\/Droides.xls\">feuille excel<\/a> ; <a href=\"https:\/\/christophethibierge.com\/CTF\/wp-content\/uploads\/2012\/10\/Droides.ods\">feuille LibreOffice Calc<\/a>)<\/li>\n<\/ul>\n<\/li>\n\n\n\n<li><strong>Chapitre 2 &#8211; La valeur de l&rsquo;argent au fil du temps<\/strong>\n<ul class=\"wp-block-list\">\n<li>Valeur future et capitalisation (<a href=\"https:\/\/christophethibierge.com\/CTF\/wp-content\/uploads\/2012\/02\/VF_Capitalisation.xls\">feuille excel<\/a> ; <a href=\"https:\/\/christophethibierge.com\/CTF\/wp-content\/uploads\/2012\/02\/VF_Capitalisation.ods\">feuille libreoffice calc<\/a>)<\/li>\n\n\n\n<li>Valeur actuelle (<a href=\"https:\/\/christophethibierge.com\/CTF\/wp-content\/uploads\/2012\/02\/VA.xls\">feuille excel<\/a> ; <a href=\"https:\/\/christophethibierge.com\/CTF\/wp-content\/uploads\/2012\/02\/VA.ods\">feuille libreoffice calc<\/a>)<\/li>\n\n\n\n<li>Faire des \u00e9tudes : le cas de leroidec (<a href=\"https:\/\/christophethibierge.com\/CTF\/wp-content\/uploads\/2012\/02\/Etudes_Leroidec.xls\">feuille excel<\/a> ; <a href=\"https:\/\/christophethibierge.com\/CTF\/wp-content\/uploads\/2012\/02\/Etudes_Leroidec.ods\">feuille libreoffice calc<\/a>)\n<ul class=\"wp-block-list\">\n<li>Ajout web : le cas de leroidec avec 2 taux (<a href=\"https:\/\/christophethibierge.com\/CTF\/wp-content\/uploads\/2021\/02\/Etudes_Leroidec_2_taux.xlsx\">feuille excel<\/a> ; <a href=\"https:\/\/christophethibierge.com\/CTF\/wp-content\/uploads\/2021\/02\/Etudes_Leroidec_2_taux.ods\">feuille libreoffice calc<\/a>)<\/li>\n<\/ul>\n<\/li>\n\n\n\n<li>Faire un emprunt immobilier &#8211; emprunt avec annuit\u00e9s constantes et tableau d&rsquo;amortissement : Tarzan et Jane (<a href=\"https:\/\/christophethibierge.com\/CTF\/wp-content\/uploads\/2012\/02\/Tarzan-immobilier.xls\">feuille excel<\/a> ; <a href=\"https:\/\/christophethibierge.com\/CTF\/wp-content\/uploads\/2012\/02\/Tarzan-immobilier.ods\">feuille libreoffice calc<\/a>)<\/li>\n\n\n\n<li>Vers l&rsquo;infini et au-del\u00e0 : rentes perp\u00e9tuelles et rentes croissantes (<a href=\"https:\/\/christophethibierge.com\/CTF\/wp-content\/uploads\/2015\/03\/Infini.xls\">feuille excel<\/a> ; <a href=\"https:\/\/christophethibierge.com\/CTF\/wp-content\/uploads\/2015\/03\/Infini.ods\">feuille libreoffice calc<\/a>)<\/li>\n\n\n\n<li>Les taux par p\u00e9riode : taux proportionnel, taux \u00e9quivalent, taux continu (<a href=\"https:\/\/christophethibierge.com\/CTF\/wp-content\/uploads\/2012\/02\/Taux-proportionnel-et-taux-equivalent.xls\">feuille excel<\/a> ; <a href=\"https:\/\/christophethibierge.com\/CTF\/wp-content\/uploads\/2012\/02\/Taux-proportionnel-et-taux-equivalent.ods\">feuille libreoffice calc<\/a>)<\/li>\n\n\n\n<li>Valeur actuelle d&rsquo;une obligation et courbe des taux (<a href=\"https:\/\/christophethibierge.com\/CTF\/wp-content\/uploads\/2012\/02\/Obligation.xls\">feuille excel<\/a> ; <a href=\"https:\/\/christophethibierge.com\/CTF\/wp-content\/uploads\/2012\/02\/Obligation.ods\">feuille libreoffice calc<\/a>)<\/li>\n<\/ul>\n<\/li>\n\n\n\n<li><strong>Chapitre 3 &#8211; Choix d&rsquo;investissement<\/strong>\n<ul class=\"wp-block-list\">\n<li>Les crit\u00e8res de choix d&rsquo;investissement (<a href=\"https:\/\/christophethibierge.com\/CTF\/wp-content\/uploads\/2012\/08\/Criteres_choix_investissement.xls\">feuille excel<\/a> ; <a href=\"https:\/\/christophethibierge.com\/CTF\/wp-content\/uploads\/2012\/08\/Criteres_choix_investissement.ods\">feuille libreoffice calc<\/a>)<\/li>\n\n\n\n<li>La d\u00e9termination des cash-flows pr\u00e9visionnels : le cas du Water (<a href=\"https:\/\/christophethibierge.com\/CTF\/wp-content\/uploads\/2012\/08\/Water_cash_flows_previsionnels.xls\">feuille excel<\/a> ; <a href=\"https:\/\/christophethibierge.com\/CTF\/wp-content\/uploads\/2012\/08\/Water_cash_flows_previsionnels.ods\">feuille libreoffice calc<\/a>)<\/li>\n\n\n\n<li>L&rsquo;analyse de sensibilit\u00e9 : le cas du Water (<a href=\"https:\/\/christophethibierge.com\/CTF\/wp-content\/uploads\/2012\/08\/Analyse_de_sensibilite.xls\">feuille excel<\/a> ; <a href=\"https:\/\/christophethibierge.com\/CTF\/wp-content\/uploads\/2012\/08\/Analyse_de_sensibilite.ods\">feuille libreoffice calc<\/a>)<\/li>\n\n\n\n<li>Business plan corrig\u00e9 suite \u00e0 une erreur sur l&rsquo;imp\u00f4t : pr\u00e9visionnel et cash flows de La t\u00eate sur le bio (<a href=\"https:\/\/christophethibierge.com\/CTF\/wp-content\/uploads\/2024\/10\/La-tete-sur-le-bio-\u2013-previsionnels.pdf\">PDF<\/a>)<\/li>\n<\/ul>\n<\/li>\n\n\n\n<li><strong>Chapitre 4 &#8211; Risque et rentabilit\u00e9 &#8211; les portefeuilles boursiers<\/strong>\n<ul class=\"wp-block-list\">\n<li>Calculs des rentabilit\u00e9s et risques : Bazar Maniaque et Prune de Sous-Yack (<a href=\"https:\/\/christophethibierge.com\/CTF\/wp-content\/uploads\/2012\/01\/BazarManiaquePrunedeSousYack.xls\">feuille excel<\/a> ; <a href=\"https:\/\/christophethibierge.com\/CTF\/wp-content\/uploads\/2012\/01\/BazarManiaquePrunedeSousYack.ods\">feuille libreoffice calc<\/a>)<\/li>\n\n\n\n<li>Combinaison d&rsquo;un actif sans risque et d&rsquo;un actif risqu\u00e9 : OAT et Bulgroz (<a href=\"https:\/\/christophethibierge.com\/CTF\/wp-content\/uploads\/2012\/01\/Bulgroz_OAT.xls\">feuille excel<\/a> ; <a href=\"https:\/\/christophethibierge.com\/CTF\/wp-content\/uploads\/2012\/01\/Bulgroz_OAT.ods\">feuille libreoffice calc<\/a>)<\/li>\n\n\n\n<li>Combinaison de deux actifs risqu\u00e9s : Bozgrul et Zantas (<a href=\"https:\/\/christophethibierge.com\/CTF\/wp-content\/uploads\/2012\/01\/Bozgrul_Zantas.xls\">feuille excel<\/a> ; <a href=\"https:\/\/christophethibierge.com\/CTF\/wp-content\/uploads\/2012\/01\/Bozgrul_Zantas.ods\">feuille libreoffice calc<\/a>)<\/li>\n\n\n\n<li>Combinaison optimale actif sans risque &#8211; actif risqu\u00e9 : le portefeuille de march\u00e9 (<a href=\"https:\/\/christophethibierge.com\/CTF\/wp-content\/uploads\/2012\/01\/Combinaisons_portefeuilles.xls\">feuille excel<\/a> ; <a href=\"https:\/\/christophethibierge.com\/CTF\/wp-content\/uploads\/2012\/01\/Combinaisons_portefeuilles.ods\">feuille libreoffice calc<\/a>)<\/li>\n<\/ul>\n<\/li>\n\n\n\n<li><strong>Chapitre 5 &#8211; Co\u00fbt du capital et politique financi\u00e8re<\/strong>\n<ul class=\"wp-block-list\">\n<li>Graphique et calculs sur le B\u00eata de Tapadpo (<a href=\"https:\/\/christophethibierge.com\/CTF\/wp-content\/uploads\/2012\/01\/Rentas_et_Nuage_points_beta_Tapadpo_2006-2011.xls\">feuille excel<\/a> ; <a href=\"https:\/\/christophethibierge.com\/CTF\/wp-content\/uploads\/2012\/01\/Rentas_et_Nuage_points_beta_Tapadpo_2006-2011.ods\">feuille libreoffice calc<\/a>)<\/li>\n\n\n\n<li>Graphique et calculs sur le B\u00eata de Tapioca (<a href=\"https:\/\/christophethibierge.com\/CTF\/wp-content\/uploads\/2012\/01\/Rentas_et_Nuage_points_beta_Tapioca_2006-2011.xls\">feuille excel<\/a> ; <a href=\"https:\/\/christophethibierge.com\/CTF\/wp-content\/uploads\/2012\/01\/Rentas_et_Nuage_points_beta_Tapioca_2006-2011.ods\">feuille libreoffice calc<\/a>)<\/li>\n\n\n\n<li><a href=\"https:\/\/christophethibierge.com\/CTF\/wp-content\/uploads\/2012\/01\/Precisions_calculs_des_Betas.pdf\">Un texte sur le calcul des B\u00eatas<\/a><\/li>\n\n\n\n<li>CMPC de la soci\u00e9t\u00e9 Stost\u00e9rone et la soci\u00e9t\u00e9 Glac\u00e9, et l&rsquo;application de Modigliani-Miller (<a href=\"https:\/\/christophethibierge.com\/CTF\/wp-content\/uploads\/2012\/01\/CMPC_Stosterone_Glace_Modigliani-Miller.xls\">feuille excel<\/a> ; <a href=\"https:\/\/christophethibierge.com\/CTF\/wp-content\/uploads\/2012\/01\/Rentas_et_Nuage_points_beta_Tapadpo_2006-2011.ods\">feuille libreoffice calc<\/a>)<\/li>\n<\/ul>\n<\/li>\n\n\n\n<li><strong>Chapitre 6 &#8211; \u00c9valuation des entreprises<\/strong>\n<ul class=\"wp-block-list\">\n<li>\u00c9valuation des entreprises par les multiples de transactions et les multiples boursiers : exemple de la soci\u00e9t\u00e9 Layla (<a href=\"https:\/\/christophethibierge.com\/CTF\/wp-content\/uploads\/2012\/11\/Evaluation_Layla_Multiples.xls\">feuille excel<\/a> ; <a href=\"https:\/\/christophethibierge.com\/CTF\/wp-content\/uploads\/2012\/11\/Evaluation_Layla_Multiples.ods\">feuille libreoffice calc<\/a>)<\/li>\n\n\n\n<li>\u00c9valuation des entreprises par les cash-flows actualis\u00e9s (DCF) : exemple de la soci\u00e9t\u00e9 Blue Steel (<a href=\"https:\/\/christophethibierge.com\/CTF\/wp-content\/uploads\/2012\/11\/Evaluation_BlueSteel_DCF.xls\">feuille excel<\/a> ; <a href=\"https:\/\/christophethibierge.com\/CTF\/wp-content\/uploads\/2012\/11\/Evaluation_BlueSteel_DCF.ods\">feuille libreoffice calc<\/a>)<\/li>\n<\/ul>\n<\/li>\n\n\n\n<li>Chapitre 6bis &#8211; Bonus pour les furieux<\/li>\n\n\n\n<li>Chapitre 7 &#8211; La Bourse<\/li>\n\n\n\n<li><strong>Chapitre 8 &#8211; Gestion de tr\u00e9sorerie<\/strong>\n<ul class=\"wp-block-list\">\n<li>Budget de tr\u00e9sorerie (<a href=\"https:\/\/christophethibierge.com\/CTF\/wp-content\/uploads\/2022\/08\/2022-08-Chap-8-Budget-Treso.xls\">feuill excel<\/a> ; <a href=\"https:\/\/christophethibierge.com\/CTF\/wp-content\/uploads\/2022\/08\/2022-08-Chap-8-Budget-Treso.ods\">feuille libreoffice calc<\/a>)<\/li>\n\n\n\n<li>Raisonnement sur les options (<a href=\"https:\/\/christophethibierge.com\/CTF\/wp-content\/uploads\/2022\/08\/2022-08-Chap-8-Options.xls\">feuille excel<\/a> ; <a href=\"https:\/\/christophethibierge.com\/CTF\/wp-content\/uploads\/2022\/08\/2022-08-Chap-8-Options.ods\">feuille libreoffice calc<\/a>)<\/li>\n<\/ul>\n<\/li>\n<\/ul>\n","protected":false},"excerpt":{"rendered":"<p>Dans cette page se trouvent des ressources additionnelles au livre, class\u00e9es par Chapitre.<\/p>\n","protected":false},"author":1,"featured_media":0,"parent":0,"menu_order":3,"comment_status":"open","ping_status":"closed","template":"","meta":{"footnotes":""},"class_list":["post-18","page","type-page","status-publish","hentry"],"_links":{"self":[{"href":"https:\/\/christophethibierge.com\/CTF\/wp-json\/wp\/v2\/pages\/18","targetHints":{"allow":["GET"]}}],"collection":[{"href":"https:\/\/christophethibierge.com\/CTF\/wp-json\/wp\/v2\/pages"}],"about":[{"href":"https:\/\/christophethibierge.com\/CTF\/wp-json\/wp\/v2\/types\/page"}],"author":[{"embeddable":true,"href":"https:\/\/christophethibierge.com\/CTF\/wp-json\/wp\/v2\/users\/1"}],"replies":[{"embeddable":true,"href":"https:\/\/christophethibierge.com\/CTF\/wp-json\/wp\/v2\/comments?post=18"}],"version-history":[{"count":32,"href":"https:\/\/christophethibierge.com\/CTF\/wp-json\/wp\/v2\/pages\/18\/revisions"}],"predecessor-version":[{"id":646,"href":"https:\/\/christophethibierge.com\/CTF\/wp-json\/wp\/v2\/pages\/18\/revisions\/646"}],"wp:attachment":[{"href":"https:\/\/christophethibierge.com\/CTF\/wp-json\/wp\/v2\/media?parent=18"}],"curies":[{"name":"wp","href":"https:\/\/api.w.org\/{rel}","templated":true}]}}