{"id":173,"date":"2012-05-26T09:27:25","date_gmt":"2012-05-26T08:27:25","guid":{"rendered":"https:\/\/christophethibierge.com\/CTF\/?page_id=173"},"modified":"2025-03-30T16:42:15","modified_gmt":"2025-03-30T15:42:15","slug":"questions-reponses","status":"publish","type":"page","link":"https:\/\/christophethibierge.com\/CTF\/questions-reponses\/","title":{"rendered":"Questions-R\u00e9ponses et Corrig\u00e9s"},"content":{"rendered":"\n<h5 class=\"wp-block-heading\"><a href=\"https:\/\/christophethibierge.com\/CTF\/wp-content\/uploads\/2012\/02\/CouvFinale.png\"><img loading=\"lazy\" decoding=\"async\" class=\"alignleft wp-image-52\" title=\"CouvFinale\" src=\"https:\/\/christophethibierge.com\/CTF\/wp-content\/uploads\/2012\/02\/CouvFinale-212x300.png\" alt=\"\" width=\"93\" height=\"131\" srcset=\"https:\/\/christophethibierge.com\/CTF\/wp-content\/uploads\/2012\/02\/CouvFinale-212x300.png 212w, https:\/\/christophethibierge.com\/CTF\/wp-content\/uploads\/2012\/02\/CouvFinale.png 281w\" sizes=\"auto, (max-width: 93px) 100vw, 93px\" \/><\/a><em>\u00ab\u00a0Excellent livre :<br>\n&#8211; p\u00e9dagogique : on peut parvenir \u00e0 comprendre les m\u00e9canismes de la finance d&rsquo;un certain niveau de complexit\u00e9, en partant de z\u00e9ro<br>\n&#8211; Il est concis : Pourquoi \u00ab\u00a0Principles of Corporate Finance\u00a0\u00bb est-il 5 fois plus gros ?<br>\n&#8211; Clair : pr\u00e9sent\u00e9 avec une alternance d&rsquo;introductions, de th\u00e9orie, de dialogues illustratifs et d&rsquo;exemples<br>\n&#8211; Et tr\u00e8s dr\u00f4le : des calembours de grande finesse, et un synth\u00e8se de chaque chapitre en alexandrin ! =&gt; foncez\u00a0\u00bb <\/em><em>(commentaire sur Amazon).<br>\n<\/em><\/h5>\n\n\n\n<p>Cette page est destin\u00e9e \u00e0 recueillir vos commentaires, vos louanges ou vos critiques sur le livre, pour am\u00e9liorer les futures \u00e9ditions. <strong>C&rsquo;est ici aussi que vous pouvez r\u00e9cup\u00e9rer les \u00ab\u00a0corrig\u00e9s\u00a0\u00bb des questions de fin de chapitre pr\u00e9sentes dans les 4\u00e8me et 5\u00e8me \u00e9ditions : il suffit de m\u2019envoyer un mail (thibierge@escp.eu) avec vos r\u00e9ponses aux questions<\/strong> sous forme d&rsquo;un document attach\u00e9, ou bien dans le corps du mail. Pour faciliter le traitement, merci d&rsquo;indiquer comme <strong>sujet du mail : R\u00e9ponses aux questions du chapitre x<\/strong> et je vous r\u00e9pondrai avec le corrig\u00e9 correspondant. En d\u2019autres termes, vous ne pouvez avoir acc\u00e8s aux \u00ab corrections \u00bb que si vous montrez que vous avez travaill\u00e9 les questions\u2026 \ud83d\ude09<\/p>\n\n\n\n<p>N&rsquo;h\u00e9sitez pas aussi \u00e0 poser des questions de compr\u00e9hension ci-dessous, et l&rsquo;auteur essaiera, dans la mesure de ses possibilit\u00e9s intellectuelles limit\u00e9es, de vous apporter ses r\u00e9ponses et points de vue.<\/p>\n\n\n\n<p>Il vous suffit de vous exprimer en d\u00e9posant un commentaire ci-dessous.<\/p>\n","protected":false},"excerpt":{"rendered":"<p>\u00ab\u00a0Excellent livre : &#8211; p\u00e9dagogique : on peut parvenir \u00e0 comprendre les m\u00e9canismes de la finance d&rsquo;un certain niveau de complexit\u00e9, en partant de z\u00e9ro &#8211; Il est concis : Pourquoi \u00ab\u00a0Principles of Corporate Finance\u00a0\u00bb est-il 5 fois plus gros &hellip; <a href=\"https:\/\/christophethibierge.com\/CTF\/questions-reponses\/\">Continuer la lecture <span class=\"meta-nav\">&rarr;<\/span><\/a><\/p>\n","protected":false},"author":1,"featured_media":0,"parent":0,"menu_order":5,"comment_status":"open","ping_status":"closed","template":"","meta":{"footnotes":""},"class_list":["post-173","page","type-page","status-publish","hentry"],"_links":{"self":[{"href":"https:\/\/christophethibierge.com\/CTF\/wp-json\/wp\/v2\/pages\/173","targetHints":{"allow":["GET"]}}],"collection":[{"href":"https:\/\/christophethibierge.com\/CTF\/wp-json\/wp\/v2\/pages"}],"about":[{"href":"https:\/\/christophethibierge.com\/CTF\/wp-json\/wp\/v2\/types\/page"}],"author":[{"embeddable":true,"href":"https:\/\/christophethibierge.com\/CTF\/wp-json\/wp\/v2\/users\/1"}],"replies":[{"embeddable":true,"href":"https:\/\/christophethibierge.com\/CTF\/wp-json\/wp\/v2\/comments?post=173"}],"version-history":[{"count":10,"href":"https:\/\/christophethibierge.com\/CTF\/wp-json\/wp\/v2\/pages\/173\/revisions"}],"predecessor-version":[{"id":651,"href":"https:\/\/christophethibierge.com\/CTF\/wp-json\/wp\/v2\/pages\/173\/revisions\/651"}],"wp:attachment":[{"href":"https:\/\/christophethibierge.com\/CTF\/wp-json\/wp\/v2\/media?parent=173"}],"curies":[{"name":"wp","href":"https:\/\/api.w.org\/{rel}","templated":true}]}}