{"id":152,"date":"2012-04-12T13:05:36","date_gmt":"2012-04-12T12:05:36","guid":{"rendered":"https:\/\/christophethibierge.com\/CTF\/?page_id=152"},"modified":"2012-04-12T13:41:58","modified_gmt":"2012-04-12T12:41:58","slug":"ecrits-et-interviews","status":"publish","type":"page","link":"https:\/\/christophethibierge.com\/CTF\/medias\/ecrits-et-interviews\/","title":{"rendered":"\u00c9crits et interviews"},"content":{"rendered":"<table style=\"text-align: left; width: 100%;\" border=\"0\" cellspacing=\"2\" cellpadding=\"2\">\n<tbody>\n<tr>\n<td style=\"vertical-align: top;\"><a href=\"https:\/\/christophethibierge.com\/CTF\/wp-content\/uploads\/2012\/04\/LaVie.jpg\"><img loading=\"lazy\" decoding=\"async\" width=\"135\" height=\"300\" class=\"alignleft size-medium wp-image-158\" style=\"border: 0px solid; width: 135px; height: 300px;\" title=\"LaVie\" src=\"https:\/\/christophethibierge.com\/CTF\/wp-content\/uploads\/2012\/04\/LaVie-135x300.jpg\" alt=\"\" srcset=\"https:\/\/christophethibierge.com\/CTF\/wp-content\/uploads\/2012\/04\/LaVie-135x300.jpg 135w, https:\/\/christophethibierge.com\/CTF\/wp-content\/uploads\/2012\/04\/LaVie-462x1024.jpg 462w, https:\/\/christophethibierge.com\/CTF\/wp-content\/uploads\/2012\/04\/LaVie.jpg 532w\" sizes=\"auto, (max-width: 135px) 100vw, 135px\" \/><\/a><\/td>\n<td style=\"vertical-align: top;\">Interview dans l&rsquo;hebdomadaire <span style=\"font-style: italic;\">La Vie<\/span>, 22 mars 2012 : \u00ab\u00a0<a href=\"https:\/\/christophethibierge.com\/CTF\/wp-content\/uploads\/2012\/04\/LaVie.jpg\">S&rsquo;informer sur l&rsquo;\u00e9pargne : un droit et un devoir<\/a>\u00ab\u00a0.<\/td>\n<\/tr>\n<tr>\n<td style=\"vertical-align: top;\"><a href=\"http:\/\/www.vertical-mail.com\/soloescp1201conffin\/index.php4\"><img loading=\"lazy\" decoding=\"async\" title=\"FinanceToxique\" src=\"https:\/\/christophethibierge.com\/CTF\/wp-content\/uploads\/2012\/01\/FinanceToxique-300x197.png\" alt=\"\" width=\"240\" height=\"158\" \/><\/a><\/td>\n<td style=\"vertical-align: top;\"><a title=\"Premier compte-rendu sur la conf\u00e9rence \u00ab la finance est-elle toxique ? \u00bb\" href=\"https:\/\/christophethibierge.com\/CTF\/2012\/02\/09\/premier-compte-rendu-sur-la-conference-la-finance-est-elle-toxique\/\">8 f\u00e9vrier 2012 : R\u00e9sum\u00e9 de la conf\u00e9rence \u00ab\u00a0la finance est-elle<br \/>\ntoxique ?\u00a0\u00bb<\/a><\/td>\n<\/tr>\n<tr>\n<td style=\"vertical-align: top;\"><a href=\"http:\/\/goo.gl\/Eh4Qt\"><img loading=\"lazy\" decoding=\"async\" title=\"JduNet\" src=\"https:\/\/christophethibierge.com\/CTF\/wp-content\/uploads\/2012\/02\/JduNet-300x243.jpg\" alt=\"\" width=\"300\" height=\"243\" \/><\/a><\/td>\n<td style=\"vertical-align: top;\"><a href=\"http:\/\/goo.gl\/Eh4Qt\">13 f\u00e9vrier 2012 : Tribune de C. Thibierge dans le Journal du Net<\/a>.<\/td>\n<\/tr>\n<\/tbody>\n<\/table>\n","protected":false},"excerpt":{"rendered":"<p>Interview dans l&rsquo;hebdomadaire La Vie, 22 mars 2012 : \u00ab\u00a0S&rsquo;informer sur l&rsquo;\u00e9pargne : un droit et un devoir\u00ab\u00a0. 8 f\u00e9vrier 2012 : R\u00e9sum\u00e9 de la conf\u00e9rence \u00ab\u00a0la finance est-elle toxique ?\u00a0\u00bb 13 f\u00e9vrier 2012 : Tribune de C. Thibierge dans &hellip; <a href=\"https:\/\/christophethibierge.com\/CTF\/medias\/ecrits-et-interviews\/\">Continuer la lecture <span class=\"meta-nav\">&rarr;<\/span><\/a><\/p>\n","protected":false},"author":1,"featured_media":0,"parent":31,"menu_order":0,"comment_status":"open","ping_status":"open","template":"","meta":{"footnotes":""},"class_list":["post-152","page","type-page","status-publish","hentry"],"_links":{"self":[{"href":"https:\/\/christophethibierge.com\/CTF\/wp-json\/wp\/v2\/pages\/152","targetHints":{"allow":["GET"]}}],"collection":[{"href":"https:\/\/christophethibierge.com\/CTF\/wp-json\/wp\/v2\/pages"}],"about":[{"href":"https:\/\/christophethibierge.com\/CTF\/wp-json\/wp\/v2\/types\/page"}],"author":[{"embeddable":true,"href":"https:\/\/christophethibierge.com\/CTF\/wp-json\/wp\/v2\/users\/1"}],"replies":[{"embeddable":true,"href":"https:\/\/christophethibierge.com\/CTF\/wp-json\/wp\/v2\/comments?post=152"}],"version-history":[{"count":8,"href":"https:\/\/christophethibierge.com\/CTF\/wp-json\/wp\/v2\/pages\/152\/revisions"}],"predecessor-version":[{"id":166,"href":"https:\/\/christophethibierge.com\/CTF\/wp-json\/wp\/v2\/pages\/152\/revisions\/166"}],"up":[{"embeddable":true,"href":"https:\/\/christophethibierge.com\/CTF\/wp-json\/wp\/v2\/pages\/31"}],"wp:attachment":[{"href":"https:\/\/christophethibierge.com\/CTF\/wp-json\/wp\/v2\/media?parent=152"}],"curies":[{"name":"wp","href":"https:\/\/api.w.org\/{rel}","templated":true}]}}